{"id":640,"date":"2024-07-31T16:22:34","date_gmt":"2024-07-31T14:22:34","guid":{"rendered":"https:\/\/italytrips.it\/?page_id=640"},"modified":"2024-07-31T16:36:52","modified_gmt":"2024-07-31T14:36:52","slug":"chi-siamo","status":"publish","type":"page","link":"https:\/\/italytrips.it\/de\/chi-siamo\/","title":{"rendered":"Wer wir sind"},"content":{"rendered":"<div data-elementor-type=\"wp-page\" data-elementor-id=\"640\" class=\"elementor elementor-640\" data-elementor-post-type=\"page\">\n\t\t\t\t<div class=\"elementor-element elementor-element-f19a048 e-flex e-con-boxed e-con e-parent\" data-id=\"f19a048\" data-element_type=\"container\">\n\t\t\t\t\t<div class=\"e-con-inner\">\n\t\t<div class=\"elementor-element elementor-element-5d10452 e-con-full e-flex e-con e-child\" data-id=\"5d10452\" data-element_type=\"container\">\n\t\t\t\t<div class=\"elementor-element elementor-element-6a94d18 elementor-widget elementor-widget-text-editor\" data-id=\"6a94d18\" data-element_type=\"widget\" data-widget_type=\"text-editor.default\">\n\t\t\t\t<div class=\"elementor-widget-container\">\n\t\t\t\t\t\t\t\t\t<p>Willkommen bei ItalyTrips<\/p>\t\t\t\t\t\t\t\t<\/div>\n\t\t\t\t<\/div>\n\t\t\t\t<div class=\"elementor-element elementor-element-9d9b375 elementor-widget elementor-widget-text-editor\" data-id=\"9d9b375\" data-element_type=\"widget\" data-widget_type=\"text-editor.default\">\n\t\t\t\t<div class=\"elementor-widget-container\">\n\t\t\t\t\t\t\t\t\t<p><strong>Wer wir sind:<\/strong><\/p><p>ItalyTrips ist ein Reiseb\u00fcro und Reiseveranstalter, der sich darauf spezialisiert hat, einzigartige und unvergessliche Erlebnisse in Italien anzubieten. Mit fundierten Kenntnissen der Region und einer Leidenschaft f\u00fcr die italienische Kultur widmen wir uns der Erstellung personalisierter Reiserouten, die es unseren Kunden erm\u00f6glichen, das Beste von Bel Paese zu entdecken.<\/p><p>\u00a0<\/p><p><strong>Was wir tun:<\/strong><\/p><p>Wir organisieren eine gro\u00dfe Auswahl an gef\u00fchrten Touren und ma\u00dfgeschneiderten Erlebnissen f\u00fcr jeden Reisetyp. Vom historischen Herzen von Florenz bis zu den Naturwundern der Cinque Terre, durch die mittelalterlichen St\u00e4dte der Toskana und die lebhaften lokalen M\u00e4rkte ist jede unserer Touren darauf ausgelegt, eine authentische und ansprechende Sicht auf Italien zu bieten.\u00a0<span style=\"color: var( --e-global-color-text );\">Zu unseren beliebtesten Touren geh\u00f6ren:<\/span><\/p><ul><li><strong>Klassische Tour<\/strong>: Eine perfekte Einf\u00fchrung in die historischen Sch\u00f6nheiten von Florenz.<\/li><li><strong>Gro\u00dfe Tour<\/strong>: Entdecken Sie noch mehr mit einem Panoramablick vom Piazzale Michelangelo.<\/li><li><strong>Erweiterte Tour<\/strong>: Entdecken Sie die Kirche San Miniato al Monte und den Zentralmarkt.<\/li><li><strong>Dante-Tour<\/strong>: Folgen Sie Dante Alighieris Spuren durch Florenz.<\/li><li><strong>Italien-Reisetour (Stadt)<\/strong>: Kombinieren Sie kulturelle Besichtigungen und Luxus-Shopping.<\/li><li><strong>Toskana-Tour<\/strong>: Besuchen Sie Chianti, San Gimignano, Siena, Monteriggioni und das Torciano-Anwesen.<\/li><li><strong>Pisa- und Lucca-Tour<\/strong>: Erkunden Sie die historischen St\u00e4dte Pisa und Lucca.<\/li><li><strong>Cinque Terre-Tour<\/strong>: Bewundern Sie die malerischen D\u00f6rfer der Cinque Terre.<\/li><\/ul><p><strong>\u00a0<\/strong><\/p><p><strong>Warum Sie uns w\u00e4hlen sollten:<\/strong><\/p><ol><li><p><strong>Erfahrung und Fachwissen<\/strong>: Mit jahrelanger Erfahrung in der Tourismusbranche kennt unser Expertenteam jeden versteckten Winkel und jede faszinierende Geschichte Italiens. Wir garantieren gut geplante und professionell durchgef\u00fchrte Touren.<\/p><\/li><li><p><strong>Anpassung<\/strong>: Jede Reise ist einzigartig. Wir bieten ma\u00dfgeschneiderte Reiserouten an, um den spezifischen Bed\u00fcrfnissen und W\u00fcnschen jedes Kunden gerecht zu werden. Ob romantisches Abenteuer, Familienurlaub oder Kulturreise, ItalyTrips hat die perfekte L\u00f6sung f\u00fcr Sie.<\/p><\/li><li><p><strong>Qualit\u00e4t und Komfort<\/strong>: Wir nutzen nur hochwertige Lieferanten und Dienstleistungen, um maximalen Komfort und Sicherheit w\u00e4hrend der Touren zu gew\u00e4hrleisten. Unsere mehrsprachigen Audioguides bieten detaillierte, ansprechende Informationen in mehreren Sprachen.<\/p><\/li><li><p><strong>Engagierte Unterst\u00fctzung<\/strong>: Unser Team steht Ihnen jederzeit zur Verf\u00fcgung, um Ihnen pers\u00f6nliche Unterst\u00fctzung zu bieten, Ihre Fragen zu beantworten und sicherzustellen, dass jedes Detail Ihrer Reise perfekt erledigt wird.<\/p><\/li><li><p><strong>Authentische Erlebnisse<\/strong>: Wir sind bestrebt, unseren Kunden authentische Erlebnisse fernab vom Massentourismus zu bieten. Egal, ob Sie ein mittelalterliches Dorf erkunden oder Weine in einem historischen Weingut probieren, mit ItalyTrips bekommen Sie einen authentischen Eindruck von Italien.<\/p><\/li><\/ol><p><strong>\u00a0<\/strong><\/p><p><strong>Kontaktieren Sie uns:<\/strong><br \/>Wir sind hier, um Ihren italienischen Traum Wirklichkeit werden zu lassen. Kontaktieren Sie uns noch heute, um Ihre n\u00e4chste Reise mit ItalyTrips zu planen und sich auf ein unvergessliches Erlebnis vorzubereiten!<\/p>\t\t\t\t\t\t\t\t<\/div>\n\t\t\t\t<\/div>\n\t\t\t\t<\/div>\n\t\t<div class=\"elementor-element elementor-element-067d9be e-con-full e-flex e-con e-child\" data-id=\"067d9be\" data-element_type=\"container\">\n\t\t\t\t<div class=\"elementor-element elementor-element-5bb57d8 elementor-widget elementor-widget-image\" data-id=\"5bb57d8\" data-element_type=\"widget\" data-widget_type=\"image.default\">\n\t\t\t\t<div class=\"elementor-widget-container\">\n\t\t\t\t\t\t\t\t\t\t\t\t\t\t\t<img fetchpriority=\"high\" decoding=\"async\" width=\"768\" height=\"964\" src=\"https:\/\/italytrips.it\/wp-content\/uploads\/2024\/07\/ItalyTrips_Logo-768x964.png\" class=\"attachment-medium_large size-medium_large wp-image-58\" alt=\"Italy Trips - Logo\" srcset=\"https:\/\/italytrips.it\/wp-content\/uploads\/2024\/07\/ItalyTrips_Logo-768x964.png 768w, https:\/\/italytrips.it\/wp-content\/uploads\/2024\/07\/ItalyTrips_Logo-600x753.png 600w, https:\/\/italytrips.it\/wp-content\/uploads\/2024\/07\/ItalyTrips_Logo-239x300.png 239w, https:\/\/italytrips.it\/wp-content\/uploads\/2024\/07\/ItalyTrips_Logo-816x1024.png 816w, https:\/\/italytrips.it\/wp-content\/uploads\/2024\/07\/ItalyTrips_Logo.png 858w\" sizes=\"(max-width: 768px) 100vw, 768px\" \/>\t\t\t\t\t\t\t\t\t\t\t\t\t\t\t<\/div>\n\t\t\t\t<\/div>\n\t\t\t\t<\/div>\n\t\t\t\t\t<\/div>\n\t\t\t\t<\/div>\n\t\t\t\t<\/div>","protected":false},"excerpt":{"rendered":"<p>Benvenuti su ItalyTrips Chi Siamo: ItalyTrips \u00e8 un&#8217;agenzia di viaggi e tour operator specializzata nell&#8217;offrire esperienze uniche e indimenticabili in Italia. Con una profonda conoscenza del territorio e una passione per la cultura italiana, ci dedichiamo a creare itinerari personalizzati che permettono ai nostri clienti di scoprire il meglio del Bel Paese. \u00a0 Cosa Facciamo: [&hellip;]<\/p>","protected":false},"author":1,"featured_media":0,"parent":0,"menu_order":0,"comment_status":"closed","ping_status":"closed","template":"","meta":{"_price":"","_stock":"","_tribe_ticket_header":"","_tribe_default_ticket_provider":"","_tribe_ticket_capacity":"0","_ticket_start_date":"","_ticket_end_date":"","_tribe_ticket_show_description":"","_tribe_ticket_show_not_going":false,"_tribe_ticket_use_global_stock":"","_tribe_ticket_global_stock_level":"","_global_stock_mode":"","_global_stock_cap":"","_tribe_rsvp_for_event":"","_tribe_ticket_going_count":"","_tribe_ticket_not_going_count":"","_tribe_tickets_list":"[]","_tribe_ticket_has_attendee_info_fields":false,"footnotes":"","_tec_slr_enabled":"","_tec_slr_layout":""},"class_list":["post-640","page","type-page","status-publish","hentry"],"ticketed":false,"_links":{"self":[{"href":"https:\/\/italytrips.it\/de\/wp-json\/wp\/v2\/pages\/640","targetHints":{"allow":["GET"]}}],"collection":[{"href":"https:\/\/italytrips.it\/de\/wp-json\/wp\/v2\/pages"}],"about":[{"href":"https:\/\/italytrips.it\/de\/wp-json\/wp\/v2\/types\/page"}],"author":[{"embeddable":true,"href":"https:\/\/italytrips.it\/de\/wp-json\/wp\/v2\/users\/1"}],"replies":[{"embeddable":true,"href":"https:\/\/italytrips.it\/de\/wp-json\/wp\/v2\/comments?post=640"}],"version-history":[{"count":19,"href":"https:\/\/italytrips.it\/de\/wp-json\/wp\/v2\/pages\/640\/revisions"}],"predecessor-version":[{"id":672,"href":"https:\/\/italytrips.it\/de\/wp-json\/wp\/v2\/pages\/640\/revisions\/672"}],"wp:attachment":[{"href":"https:\/\/italytrips.it\/de\/wp-json\/wp\/v2\/media?parent=640"}],"curies":[{"name":"wp","href":"https:\/\/api.w.org\/{rel}","templated":true}]}}