{"id":696,"date":"2024-07-31T17:42:00","date_gmt":"2024-07-31T15:42:00","guid":{"rendered":"https:\/\/italytrips.it\/?page_id=696"},"modified":"2024-07-31T17:45:45","modified_gmt":"2024-07-31T15:45:45","slug":"termini-di-uso","status":"publish","type":"page","link":"https:\/\/italytrips.it\/de\/termini-di-uso\/","title":{"rendered":"Nutzungsbedingungen"},"content":{"rendered":"<div data-elementor-type=\"wp-page\" data-elementor-id=\"696\" class=\"elementor elementor-696\" data-elementor-post-type=\"page\">\n\t\t\t\t<div class=\"elementor-element elementor-element-7acdeea e-flex e-con-boxed e-con e-parent\" data-id=\"7acdeea\" data-element_type=\"container\">\n\t\t\t\t\t<div class=\"e-con-inner\">\n\t\t\t\t<div class=\"elementor-element elementor-element-c0559fe elementor-widget elementor-widget-text-editor\" data-id=\"c0559fe\" data-element_type=\"widget\" data-widget_type=\"text-editor.default\">\n\t\t\t\t<div class=\"elementor-widget-container\">\n\t\t\t\t\t\t\t\t\t<p>Nutzungsbedingungen des Dienstes f\u00fcr den Kauf von Touren auf ItalyTrips.it<br><\/p>\t\t\t\t\t\t\t\t<\/div>\n\t\t\t\t<\/div>\n\t\t\t\t<div class=\"elementor-element elementor-element-1d35655 elementor-widget elementor-widget-text-editor\" data-id=\"1d35655\" data-element_type=\"widget\" data-widget_type=\"text-editor.default\">\n\t\t\t\t<div class=\"elementor-widget-container\">\n\t\t\t\t\t\t\t\t\t<p><strong>Gesellschaft: <\/strong>Italien-Reise srls<br \/>Umsatzsteuer-Identifikationsnummer: 07371110482<br \/>REA: FI \u2013 698837<br \/>Rechtsadresse: Florenz (FI) Via Pasquale Villari 7 CAP 50136<br \/>E-Mail: <a rel=\"noreferrer\">info@italytrips.it<\/a><br \/>Telefon: +39327 611 4697<br \/>Gesch\u00e4ftsf\u00fchrer: Zghondi Maher<\/p><h3>1. Einf\u00fchrung<\/h3><p>Willkommen bei ItalyTrips.it. Indem Sie unsere Website zum Kauf unserer Touren nutzen, stimmen Sie den folgenden Nutzungsbedingungen zu. Bitte lesen Sie diese Bedingungen sorgf\u00e4ltig durch, bevor Sie unsere Dienste nutzen.<\/p><h3>2. Definitionen<\/h3><ul><li><strong>&quot;Service&quot;<\/strong> bezieht sich auf die von Italy Trip srls \u00fcber die Website ItalyTrips.it angebotenen Touren.<\/li><li><strong>&quot;Benutzer&quot;<\/strong> bezieht sich auf jede nat\u00fcrliche oder juristische Person, die die Website zum Kauf von Touren nutzt.<\/li><li><strong>&quot;Vertrag&quot;<\/strong> bezieht sich auf die rechtliche Vereinbarung zwischen Italy Trip srls und dem Nutzer \u00fcber den Kauf von Touren.<\/li><\/ul><h3>3. Annahme der Bedingungen<\/h3><p>Durch die Nutzung der Website und den Kauf unserer Touren erkl\u00e4ren Sie sich mit diesen Nutzungsbedingungen einverstanden. Wenn Sie diese Bedingungen nicht akzeptieren, nutzen Sie unsere Dienste bitte nicht.<\/p><h3>4. \u00c4nderungen der Bedingungen<\/h3><p>Italy Trip srls beh\u00e4lt sich das Recht vor, diese Nutzungsbedingungen jederzeit zu \u00e4ndern. Die \u00c4nderungen treten mit ihrer Ver\u00f6ffentlichung auf der Website in Kraft. Sie sind daf\u00fcr verantwortlich, die Nutzungsbedingungen regelm\u00e4\u00dfig auf Aktualisierungen zu \u00fcberpr\u00fcfen.<\/p><h3>5. Angebotene Dienstleistungen<\/h3><p>Italy Trip srls bietet eine Vielzahl gef\u00fchrter Touren in Italien an. Spezifische Details zu jeder Tour, einschlie\u00dflich Preise, Dauer und Reiseroute, finden Sie auf der Website.<\/p><h3>6. Reservierungen und Zahlungen<\/h3><ul><li>Reservierungen k\u00f6nnen \u00fcber die Website ItalyTrips.it vorgenommen werden.<\/li><li>Die Bezahlung der Touren muss zum Zeitpunkt der Buchung erfolgen.<\/li><li>Die auf der Website angegebenen Preise verstehen sich inklusive Mehrwertsteuer und eventuell anfallender Steuern.<\/li><\/ul><h3>7. Stornierungsbedingungen<\/h3><ul><li>Stornierungen m\u00fcssen per E-Mail an mitgeteilt werden <a rel=\"noreferrer\">info@italytrips.it<\/a>.<\/li><li>Bei Stornierungen, die mindestens 48 Stunden vor Tourbeginn erfolgen, erfolgt eine vollst\u00e4ndige R\u00fcckerstattung.<\/li><li>Stornierungen, die weniger als 48 Stunden im Voraus erfolgen, sind nicht erstattungsf\u00e4hig.<\/li><\/ul><h3>8. Verantwortlichkeiten des Benutzers<\/h3><p>Sie sind daf\u00fcr verantwortlich, w\u00e4hrend des Buchungsvorgangs korrekte Informationen anzugeben. Italy Trip srls ist nicht verantwortlich f\u00fcr Unannehmlichkeiten, die durch falsche Angaben des Benutzers entstehen.<\/p><h3>9. Haftungsbeschr\u00e4nkung<\/h3><p>Italy Trip srls haftet nicht f\u00fcr direkte, indirekte, zuf\u00e4llige, Folge- oder Strafsch\u00e4den, die sich aus der Nutzung unserer Dienste ergeben, au\u00dfer in F\u00e4llen von Vorsatz oder grober Fahrl\u00e4ssigkeit.<\/p><h3>10. Geistiges Eigentum<\/h3><p>Alle Inhalte auf der Website ItalyTrips.it, einschlie\u00dflich Texte, Bilder und Marken, sind Eigentum von Italy Trip srls und durch Urheberrechts- und Markengesetze gesch\u00fctzt.<\/p><h3>11. Anwendbares Recht<\/h3><p>Diese Nutzungsbedingungen unterliegen italienischem Recht und werden entsprechend ausgelegt. Alle Streitigkeiten, die sich aus diesen Bedingungen ergeben, unterliegen der ausschlie\u00dflichen Zust\u00e4ndigkeit der Gerichte von Florenz.<\/p><h3>12. Kontakte<\/h3><p>Bei Fragen oder Supportanfragen kann sich der Benutzer \u00fcber die folgenden Kontaktdaten an Italy Trip srls wenden:<\/p><ul><li>E-Mail: <a rel=\"noreferrer\">info@italytrips.it<\/a><\/li><li>Telefon: +39327 611 4697<\/li><\/ul><p>\u00a0<\/p><p>\u00a0<\/p><hr \/><p>\u00a0<\/p><p><strong>Italien-Reise srls<\/strong> Vielen Dank, dass Sie sich f\u00fcr unsere Dienstleistungen entschieden haben und w\u00fcnscht allen Ihren Kunden ein unvergessliches Erlebnis in Italien.<\/p>\t\t\t\t\t\t\t\t<\/div>\n\t\t\t\t<\/div>\n\t\t\t\t\t<\/div>\n\t\t\t\t<\/div>\n\t\t\t\t<\/div>","protected":false},"excerpt":{"rendered":"<p>Termini di Uso del Servizio per l&#8217;Acquisto di Tour su ItalyTrips.it Societ\u00e0: Italy Trip srlsP. IVA: 07371110482REA: FI &#8211; 698837Indirizzo Legale: Firenze (FI) Via Pasquale Villari 7 CAP 50136Email: info@italytrips.itTelefono: +39327 611 4697Responsabile d&#8217;Impresa: Zghondi Maher 1. Introduzione Benvenuto su ItalyTrips.it. Utilizzando il nostro sito web per acquistare i nostri tour, accetti i seguenti Termini [&hellip;]<\/p>","protected":false},"author":1,"featured_media":0,"parent":0,"menu_order":0,"comment_status":"closed","ping_status":"closed","template":"","meta":{"_price":"","_stock":"","_tribe_ticket_header":"","_tribe_default_ticket_provider":"","_tribe_ticket_capacity":"0","_ticket_start_date":"","_ticket_end_date":"","_tribe_ticket_show_description":"","_tribe_ticket_show_not_going":false,"_tribe_ticket_use_global_stock":"","_tribe_ticket_global_stock_level":"","_global_stock_mode":"","_global_stock_cap":"","_tribe_rsvp_for_event":"","_tribe_ticket_going_count":"","_tribe_ticket_not_going_count":"","_tribe_tickets_list":"[]","_tribe_ticket_has_attendee_info_fields":false,"footnotes":"","_tec_slr_enabled":"","_tec_slr_layout":""},"class_list":["post-696","page","type-page","status-publish","hentry"],"ticketed":false,"_links":{"self":[{"href":"https:\/\/italytrips.it\/de\/wp-json\/wp\/v2\/pages\/696","targetHints":{"allow":["GET"]}}],"collection":[{"href":"https:\/\/italytrips.it\/de\/wp-json\/wp\/v2\/pages"}],"about":[{"href":"https:\/\/italytrips.it\/de\/wp-json\/wp\/v2\/types\/page"}],"author":[{"embeddable":true,"href":"https:\/\/italytrips.it\/de\/wp-json\/wp\/v2\/users\/1"}],"replies":[{"embeddable":true,"href":"https:\/\/italytrips.it\/de\/wp-json\/wp\/v2\/comments?post=696"}],"version-history":[{"count":7,"href":"https:\/\/italytrips.it\/de\/wp-json\/wp\/v2\/pages\/696\/revisions"}],"predecessor-version":[{"id":703,"href":"https:\/\/italytrips.it\/de\/wp-json\/wp\/v2\/pages\/696\/revisions\/703"}],"wp:attachment":[{"href":"https:\/\/italytrips.it\/de\/wp-json\/wp\/v2\/media?parent=696"}],"curies":[{"name":"wp","href":"https:\/\/api.w.org\/{rel}","templated":true}]}}