{"id":719,"date":"2024-07-31T17:52:43","date_gmt":"2024-07-31T15:52:43","guid":{"rendered":"https:\/\/italytrips.it\/disconoscimento\/"},"modified":"2024-07-31T17:52:43","modified_gmt":"2024-07-31T15:52:43","slug":"disconoscimento","status":"publish","type":"page","link":"https:\/\/italytrips.it\/de\/disconoscimento\/","title":{"rendered":"Haftungsausschluss"},"content":{"rendered":"<!-- Legal document generated by Complianz | GDPR\/CCPA Cookie Consent https:\/\/wordpress.org\/plugins\/complianz-gdpr -->\n<div id=\"cmplz-document\" class=\"cmplz-document disclaimer cmplz-document-all\"><p>ITALYTRIPS \u00e8 un marchio di MARIO CITY TOUR FLORENCE DI ZGHONDI MAHER is committed to keeping this website up to date and accurate. Should you nevertheless encounter anything that is incorrect or out of date, we would appreciate it if you could let us know. Please indicate where on the website you read the information. We will then look at this as soon as possible. Please send your response by email to: &#105;&#110;f&#111;&#064;i&#116;aly&#116;&#114;&#105;p&#115;&#046;&#105;&#116;.<\/p><p>Wir haften nicht f\u00fcr aus Ungenauigkeiten oder Unvollst\u00e4ndigkeiten resultierende Verluste, noch f\u00fcr entstehende Verluste oder Verbreitung von Informationen \u00fcber das Internet - wie St\u00f6rungen oder Unterbrechungen - aufgrund von Problemen, die damit verbunden sind. Bei der Verwendung von Internetformularen bem\u00fchen wir uns, die Zahl der erforderlichen Felder auf ein Minimum zu beschr\u00e4nken. F\u00fcr jegliche Verluste die aus der Verwendung von ITALYTRIPS \u00e8 a trademark of MARIO CITY TOUR FLORENCE DI ZGHONDI MAHER oder in dessen Auftrag \u00fcber diese Website empfohlener oder gelieferter Daten, Hinweisen oder Ideen \u00fcbernimmt ITALYTRIPS \u00e8 a trademark of MARIO CITY TOUR FLORENCE DI ZGHONDI MAHER keine Haftung.<\/p><p>Die Nutzung der Website und aller ihrer Komponenten (einschlie\u00dflich Foren) unterliegt <a href=\"https:\/\/italytrips.it\/de\/termini-di-uso\/\" target=\"_blank\">Nutzungsbedingungen<\/a>Die blo\u00dfe Nutzung dieser Website setzt die Kenntnis und Akzeptanz dieser Nutzungsbedingungen voraus.<\/p><p>ITALYTRIPS ist eine Marke von MARIO CITY TOUR FLORENCE DI ZGHONDI MAHER und unternimmt alle angemessenen Anstrengungen, um sein System vor jeglicher Form unrechtm\u00e4\u00dfiger Nutzung zu sch\u00fctzen. ITALYTRIPS ist eine Marke von MARIO CITY TOUR FLORENCE DI ZGHONDI MAHER und setzt zu diesem Zweck geeignete technische und organisatorische Ma\u00dfnahmen ein, die unter anderem den aktuellen Stand der Technik ber\u00fccksichtigen. Das Unternehmen haftet jedoch nicht f\u00fcr direkte und\/oder indirekte Verluste jeglicher Art, die einem Benutzer der Website entstehen und die sich aus der unrechtm\u00e4\u00dfigen Nutzung seines Systems durch Dritte ergeben.<\/p><p>ITALYTRIPS ist eine Marke von MARIO CITY TOUR FLORENCE DI ZGHONDI MAHER und \u00fcbernimmt keine Verantwortung f\u00fcr den Inhalt von Websites, zu denen oder von denen ein Hyperlink oder eine anderer Verweis f\u00fchrt. Produkte oder Serviceleistungen, die von Drittanbieten angeboten werden, unterliegen den entsprechenden Gesch\u00e4ftsbedingungen dieser Drittanbieten.<\/p><p>Alle geistigen Eigentumsrechte an den Inhalten dieser Website liegen bei Dritten, die die Inhalte selbst platziert haben oder von denen ITALYTRIPS eine Marke von MARIO CITY TOUR FLORENCE DI ZGHONDI MAHER ist.<\/p><p>Das Kopieren, Verbreiten oder jegliche andere Nutzung dieses Materials ist ohne die schriftliche Genehmigung von ITALYTRIPS is a trademark of MARIO CITY TOUR FLORENCE DI ZGHONDI MAHER nicht gestattet, sofern in den zwingenden gesetzlichen Bestimmungen (wie etwa dem Zitatrecht) nichts anderes bestimmt ist oder der spezifische Inhalt nichts anderes vorschreibt.<\/p><p>Bei Fragen oder Problemen mit der Erreichbarkeit der Website k\u00f6nnen Sie sich gerne an uns wenden.<\/p><\/div>","protected":false},"excerpt":{"rendered":"","protected":false},"author":1,"featured_media":0,"parent":0,"menu_order":0,"comment_status":"closed","ping_status":"closed","template":"","meta":{"_price":"","_stock":"","_tribe_ticket_header":"","_tribe_default_ticket_provider":"","_tribe_ticket_capacity":"0","_ticket_start_date":"","_ticket_end_date":"","_tribe_ticket_show_description":"","_tribe_ticket_show_not_going":false,"_tribe_ticket_use_global_stock":"","_tribe_ticket_global_stock_level":"","_global_stock_mode":"","_global_stock_cap":"","_tribe_rsvp_for_event":"","_tribe_ticket_going_count":"","_tribe_ticket_not_going_count":"","_tribe_tickets_list":"[]","_tribe_ticket_has_attendee_info_fields":false,"footnotes":"","_tec_slr_enabled":"","_tec_slr_layout":""},"class_list":["post-719","page","type-page","status-publish","hentry"],"ticketed":false,"_links":{"self":[{"href":"https:\/\/italytrips.it\/de\/wp-json\/wp\/v2\/pages\/719","targetHints":{"allow":["GET"]}}],"collection":[{"href":"https:\/\/italytrips.it\/de\/wp-json\/wp\/v2\/pages"}],"about":[{"href":"https:\/\/italytrips.it\/de\/wp-json\/wp\/v2\/types\/page"}],"author":[{"embeddable":true,"href":"https:\/\/italytrips.it\/de\/wp-json\/wp\/v2\/users\/1"}],"replies":[{"embeddable":true,"href":"https:\/\/italytrips.it\/de\/wp-json\/wp\/v2\/comments?post=719"}],"version-history":[{"count":0,"href":"https:\/\/italytrips.it\/de\/wp-json\/wp\/v2\/pages\/719\/revisions"}],"wp:attachment":[{"href":"https:\/\/italytrips.it\/de\/wp-json\/wp\/v2\/media?parent=719"}],"curies":[{"name":"wp","href":"https:\/\/api.w.org\/{rel}","templated":true}]}}