{"id":640,"date":"2024-07-31T16:22:34","date_gmt":"2024-07-31T14:22:34","guid":{"rendered":"https:\/\/italytrips.it\/?page_id=640"},"modified":"2024-07-31T16:36:52","modified_gmt":"2024-07-31T14:36:52","slug":"chi-siamo","status":"publish","type":"page","link":"https:\/\/italytrips.it\/es\/chi-siamo\/","title":{"rendered":"Quienes somos"},"content":{"rendered":"<div data-elementor-type=\"wp-page\" data-elementor-id=\"640\" class=\"elementor elementor-640\" data-elementor-post-type=\"page\">\n\t\t\t\t<div class=\"elementor-element elementor-element-f19a048 e-flex e-con-boxed e-con e-parent\" data-id=\"f19a048\" data-element_type=\"container\">\n\t\t\t\t\t<div class=\"e-con-inner\">\n\t\t<div class=\"elementor-element elementor-element-5d10452 e-con-full e-flex e-con e-child\" data-id=\"5d10452\" data-element_type=\"container\">\n\t\t\t\t<div class=\"elementor-element elementor-element-6a94d18 elementor-widget elementor-widget-text-editor\" data-id=\"6a94d18\" data-element_type=\"widget\" data-widget_type=\"text-editor.default\">\n\t\t\t\t<div class=\"elementor-widget-container\">\n\t\t\t\t\t\t\t\t\t<p>Bienvenido a ItaliaViajes<\/p>\t\t\t\t\t\t\t\t<\/div>\n\t\t\t\t<\/div>\n\t\t\t\t<div class=\"elementor-element elementor-element-9d9b375 elementor-widget elementor-widget-text-editor\" data-id=\"9d9b375\" data-element_type=\"widget\" data-widget_type=\"text-editor.default\">\n\t\t\t\t<div class=\"elementor-widget-container\">\n\t\t\t\t\t\t\t\t\t<p><strong>Quienes somos:<\/strong><\/p><p>ItalyTrips es una agencia de viajes y operador tur\u00edstico especializado en ofrecer experiencias \u00fanicas e inolvidables en Italia. Con un profundo conocimiento de la zona y una pasi\u00f3n por la cultura italiana, nos dedicamos a crear itinerarios personalizados que permitan a nuestros clientes descubrir lo mejor de Bel Paese.<\/p><p>\u00a0<\/p><p><strong>Qu\u00e9 hacemos:<\/strong><\/p><p>Organizamos una amplia gama de visitas guiadas y experiencias a medida para cada tipo de viajero. Desde el coraz\u00f3n hist\u00f3rico de Florencia hasta las maravillas naturales de Cinque Terre, pasando por las ciudades medievales de la Toscana y los animados mercados locales, cada uno de nuestros tours est\u00e1 dise\u00f1ado para ofrecer una visi\u00f3n aut\u00e9ntica y atractiva de Italia.\u00a0<span style=\"color: var( --e-global-color-text );\">Algunos de nuestros tours m\u00e1s populares incluyen:<\/span><\/p><ul><li><strong>Tour Cl\u00e1sico<\/strong>: Una introducci\u00f3n perfecta a las bellezas hist\u00f3ricas de Florencia.<\/li><li><strong>Grand Tour<\/strong>: Explora a\u00fan m\u00e1s con una vista panor\u00e1mica desde Piazzale Michelangelo.<\/li><li><strong>Tour extendido<\/strong>: Descubra la Iglesia de San Miniato al Monte y el Mercado Central.<\/li><li><strong>Gira Dante<\/strong>: Sigue los pasos de Dante Alighieri por Florencia.<\/li><li><strong>Tour de viaje por Italia (ciudad)<\/strong>: Combina visitas culturales y compras de lujo.<\/li><li><strong>Tour por la Toscana<\/strong>: Visite Chianti, San Gimignano, Siena, Monteriggioni y la finca Torciano.<\/li><li><strong>Tour Pisa y Lucca<\/strong>: Explora las ciudades hist\u00f3ricas de Pisa y Lucca.<\/li><li><strong>Tour Cinque Terre<\/strong>: Admire los pintorescos pueblos de Cinque Terre.<\/li><\/ul><p><strong>\u00a0<\/strong><\/p><p><strong>Por qu\u00e9 elegirnos:<\/strong><\/p><ol><li><p><strong>Experiencia y conocimientos<\/strong>: Con a\u00f1os de experiencia en la industria del turismo, nuestro equipo de expertos conoce cada rinc\u00f3n escondido y cada historia fascinante de Italia. Garantizamos recorridos bien planificados y administrados profesionalmente.<\/p><\/li><li><p><strong>Personalizaci\u00f3n<\/strong>: Cada viaje es \u00fanico. Ofrecemos itinerarios personalizados para satisfacer las necesidades y deseos espec\u00edficos de cada cliente. Ya sea una aventura rom\u00e1ntica, unas vacaciones familiares o un viaje cultural, ItalyTrips tiene la soluci\u00f3n perfecta para usted.<\/p><\/li><li><p><strong>Calidad y Confort<\/strong>: S\u00f3lo utilizamos proveedores y servicios de alta calidad para garantizar la m\u00e1xima comodidad y seguridad durante los recorridos. Nuestras audiogu\u00edas multiling\u00fces brindan informaci\u00f3n detallada y atractiva en varios idiomas.<\/p><\/li><li><p><strong>Asistencia dedicada<\/strong>: Nuestro equipo est\u00e1 siempre disponible para ofrecer asistencia personalizada, responder a sus preguntas y garantizar que cada detalle de su viaje sea cuidado a la perfecci\u00f3n.<\/p><\/li><li><p><strong>Experiencias Aut\u00e9nticas<\/strong>: Apostamos por hacer que nuestros clientes vivan experiencias aut\u00e9nticas, alejadas de los circuitos tur\u00edsticos masivos. Ya sea que est\u00e9 explorando un pueblo medieval o probando vinos en una bodega hist\u00f3rica, con ItalyTrips obtendr\u00e1 el sabor genuino de Italia.<\/p><\/li><\/ol><p><strong>\u00a0<\/strong><\/p><p><strong>Cont\u00e1ctenos:<\/strong><br \/>Estamos aqu\u00ed para hacer realidad su sue\u00f1o italiano. \u00a1Cont\u00e1ctanos hoy para planificar tu pr\u00f3ximo viaje con ItalyTrips y prep\u00e1rate para vivir una experiencia inolvidable!<\/p>\t\t\t\t\t\t\t\t<\/div>\n\t\t\t\t<\/div>\n\t\t\t\t<\/div>\n\t\t<div class=\"elementor-element elementor-element-067d9be e-con-full e-flex e-con e-child\" data-id=\"067d9be\" data-element_type=\"container\">\n\t\t\t\t<div class=\"elementor-element elementor-element-5bb57d8 elementor-widget elementor-widget-image\" data-id=\"5bb57d8\" data-element_type=\"widget\" data-widget_type=\"image.default\">\n\t\t\t\t<div class=\"elementor-widget-container\">\n\t\t\t\t\t\t\t\t\t\t\t\t\t\t\t<img fetchpriority=\"high\" decoding=\"async\" width=\"768\" height=\"964\" src=\"https:\/\/italytrips.it\/wp-content\/uploads\/2024\/07\/ItalyTrips_Logo-768x964.png\" class=\"attachment-medium_large size-medium_large wp-image-58\" alt=\"Italy Trips - Logo\" srcset=\"https:\/\/italytrips.it\/wp-content\/uploads\/2024\/07\/ItalyTrips_Logo-768x964.png 768w, https:\/\/italytrips.it\/wp-content\/uploads\/2024\/07\/ItalyTrips_Logo-600x753.png 600w, https:\/\/italytrips.it\/wp-content\/uploads\/2024\/07\/ItalyTrips_Logo-239x300.png 239w, https:\/\/italytrips.it\/wp-content\/uploads\/2024\/07\/ItalyTrips_Logo-816x1024.png 816w, https:\/\/italytrips.it\/wp-content\/uploads\/2024\/07\/ItalyTrips_Logo.png 858w\" sizes=\"(max-width: 768px) 100vw, 768px\" \/>\t\t\t\t\t\t\t\t\t\t\t\t\t\t\t<\/div>\n\t\t\t\t<\/div>\n\t\t\t\t<\/div>\n\t\t\t\t\t<\/div>\n\t\t\t\t<\/div>\n\t\t\t\t<\/div>","protected":false},"excerpt":{"rendered":"<p>Benvenuti su ItalyTrips Chi Siamo: ItalyTrips \u00e8 un&#8217;agenzia di viaggi e tour operator specializzata nell&#8217;offrire esperienze uniche e indimenticabili in Italia. Con una profonda conoscenza del territorio e una passione per la cultura italiana, ci dedichiamo a creare itinerari personalizzati che permettono ai nostri clienti di scoprire il meglio del Bel Paese. \u00a0 Cosa Facciamo: [&hellip;]<\/p>","protected":false},"author":1,"featured_media":0,"parent":0,"menu_order":0,"comment_status":"closed","ping_status":"closed","template":"","meta":{"_price":"","_stock":"","_tribe_ticket_header":"","_tribe_default_ticket_provider":"","_tribe_ticket_capacity":"0","_ticket_start_date":"","_ticket_end_date":"","_tribe_ticket_show_description":"","_tribe_ticket_show_not_going":false,"_tribe_ticket_use_global_stock":"","_tribe_ticket_global_stock_level":"","_global_stock_mode":"","_global_stock_cap":"","_tribe_rsvp_for_event":"","_tribe_ticket_going_count":"","_tribe_ticket_not_going_count":"","_tribe_tickets_list":"[]","_tribe_ticket_has_attendee_info_fields":false,"footnotes":"","_tec_slr_enabled":"","_tec_slr_layout":""},"class_list":["post-640","page","type-page","status-publish","hentry"],"ticketed":false,"_links":{"self":[{"href":"https:\/\/italytrips.it\/es\/wp-json\/wp\/v2\/pages\/640","targetHints":{"allow":["GET"]}}],"collection":[{"href":"https:\/\/italytrips.it\/es\/wp-json\/wp\/v2\/pages"}],"about":[{"href":"https:\/\/italytrips.it\/es\/wp-json\/wp\/v2\/types\/page"}],"author":[{"embeddable":true,"href":"https:\/\/italytrips.it\/es\/wp-json\/wp\/v2\/users\/1"}],"replies":[{"embeddable":true,"href":"https:\/\/italytrips.it\/es\/wp-json\/wp\/v2\/comments?post=640"}],"version-history":[{"count":19,"href":"https:\/\/italytrips.it\/es\/wp-json\/wp\/v2\/pages\/640\/revisions"}],"predecessor-version":[{"id":672,"href":"https:\/\/italytrips.it\/es\/wp-json\/wp\/v2\/pages\/640\/revisions\/672"}],"wp:attachment":[{"href":"https:\/\/italytrips.it\/es\/wp-json\/wp\/v2\/media?parent=640"}],"curies":[{"name":"wp","href":"https:\/\/api.w.org\/{rel}","templated":true}]}}