{"id":696,"date":"2024-07-31T17:42:00","date_gmt":"2024-07-31T15:42:00","guid":{"rendered":"https:\/\/italytrips.it\/?page_id=696"},"modified":"2024-07-31T17:45:45","modified_gmt":"2024-07-31T15:45:45","slug":"termini-di-uso","status":"publish","type":"page","link":"https:\/\/italytrips.it\/es\/termini-di-uso\/","title":{"rendered":"Condiciones de uso"},"content":{"rendered":"<div data-elementor-type=\"wp-page\" data-elementor-id=\"696\" class=\"elementor elementor-696\" data-elementor-post-type=\"page\">\n\t\t\t\t<div class=\"elementor-element elementor-element-7acdeea e-flex e-con-boxed e-con e-parent\" data-id=\"7acdeea\" data-element_type=\"container\">\n\t\t\t\t\t<div class=\"e-con-inner\">\n\t\t\t\t<div class=\"elementor-element elementor-element-c0559fe elementor-widget elementor-widget-text-editor\" data-id=\"c0559fe\" data-element_type=\"widget\" data-widget_type=\"text-editor.default\">\n\t\t\t\t<div class=\"elementor-widget-container\">\n\t\t\t\t\t\t\t\t\t<p>Condiciones de uso del servicio para la compra de tours en ItalyTrips.it<br><\/p>\t\t\t\t\t\t\t\t<\/div>\n\t\t\t\t<\/div>\n\t\t\t\t<div class=\"elementor-element elementor-element-1d35655 elementor-widget elementor-widget-text-editor\" data-id=\"1d35655\" data-element_type=\"widget\" data-widget_type=\"text-editor.default\">\n\t\t\t\t<div class=\"elementor-widget-container\">\n\t\t\t\t\t\t\t\t\t<p><strong>Sociedad: <\/strong>Italia viaje srls<br \/>N\u00famero de IVA: 07371110482<br \/>LEER: FI \u2013 698837<br \/>Domicilio legal: Florencia (FI) Via Pasquale Villari 7 CAP 50136<br \/>Correo electr\u00f3nico: <a rel=\"noreferrer\">info@italytrips.it<\/a><br \/>Tel\u00e9fono: +39327 611 4697<br \/>Gerente Comercial: Zghondi Maher<\/p><h3>1. Introducci\u00f3n<\/h3><p>Bienvenido a ItalyTrips.it. Al utilizar nuestro sitio web para comprar nuestros tours, usted acepta los siguientes T\u00e9rminos de uso. Lea estos t\u00e9rminos detenidamente antes de utilizar nuestros servicios.<\/p><h3>2. Definiciones<\/h3><ul><li><strong>&quot;Servicio&quot;<\/strong> se refiere a los tours ofrecidos por Italy Trip srls a trav\u00e9s del sitio web ItalyTrips.it.<\/li><li><strong>&quot;Usuario&quot;<\/strong> se refiere a cualquier persona f\u00edsica o jur\u00eddica que utilice el Sitio Web para comprar Tours.<\/li><li><strong>&quot;Contrato&quot;<\/strong> se refiere al acuerdo legal entre Italy Trip srls y el Usuario relativo a la compra de tours.<\/li><\/ul><h3>3. Aceptaci\u00f3n de los T\u00e9rminos<\/h3><p>Al utilizar el sitio web y comprar nuestros tours, usted acepta cumplir con estos T\u00e9rminos de uso. Si no acepta estos t\u00e9rminos, no utilice nuestros servicios.<\/p><h3>4. Cambios a los T\u00e9rminos<\/h3><p>Italy Trip srls se reserva el derecho de modificar estas Condiciones de uso en cualquier momento. Los cambios ser\u00e1n efectivos desde su publicaci\u00f3n en el sitio web. Usted es responsable de revisar peri\u00f3dicamente los T\u00e9rminos de uso para ver si hay actualizaciones.<\/p><h3>5. Servicios ofrecidos<\/h3><p>Italy Trip srls ofrece una variedad de visitas guiadas en Italia. Los detalles espec\u00edficos de cada recorrido, incluidos precios, duraci\u00f3n e itinerario, est\u00e1n disponibles en el sitio web.<\/p><h3>6. Reservas y Pagos<\/h3><ul><li>Las reservas se pueden realizar a trav\u00e9s del sitio web ItalyTrips.it.<\/li><li>El pago de los tours debe realizarse al momento de la reserva.<\/li><li>Los precios indicados en el sitio incluyen el IVA y los posibles impuestos aplicables.<\/li><\/ul><h3>7. Pol\u00edtica de cancelaci\u00f3n<\/h3><ul><li>Las cancelaciones deber\u00e1n comunicarse v\u00eda correo electr\u00f3nico a <a rel=\"noreferrer\">info@italytrips.it<\/a>.<\/li><li>Las cancelaciones realizadas con al menos 48 horas de antelaci\u00f3n a la hora de inicio del tour est\u00e1n sujetas a un reembolso completo.<\/li><li>Las cancelaciones realizadas con menos de 48 horas de antelaci\u00f3n no son reembolsables.<\/li><\/ul><h3>8. Responsabilidades del usuario<\/h3><p>Usted es responsable de proporcionar informaci\u00f3n precisa durante el proceso de reserva. Italy Trip srls no es responsable de ning\u00fan inconveniente causado por informaci\u00f3n incorrecta proporcionada por el Usuario.<\/p><h3>9. Limitaci\u00f3n de responsabilidad<\/h3><p>Italy Trip srls no ser\u00e1 responsable de ning\u00fan da\u00f1o directo, indirecto, incidental, consecuente o punitivo que surja del uso de nuestros servicios, excepto en casos de mala conducta intencional o negligencia grave.<\/p><h3>10. Propiedad intelectual<\/h3><p>Todos los contenidos del sitio web ItalyTrips.it, incluidos textos, im\u00e1genes y marcas comerciales, son propiedad de Italy Trip srls y est\u00e1n protegidos por las leyes de derechos de autor y marcas comerciales.<\/p><h3>11. Ley aplicable<\/h3><p>Estos T\u00e9rminos de uso se rigen e interpretan de acuerdo con las leyes italianas. Cualquier disputa que surja de estos T\u00e9rminos estar\u00e1 sujeta a la jurisdicci\u00f3n exclusiva de los tribunales de Florencia.<\/p><h3>12. Contactos<\/h3><p>Para cualquier pregunta o solicitud de soporte, el Usuario puede contactar a Italy Trip srls a trav\u00e9s de los siguientes datos de contacto:<\/p><ul><li>Correo electr\u00f3nico: <a rel=\"noreferrer\">info@italytrips.it<\/a><\/li><li>Tel\u00e9fono: +39327 611 4697<\/li><\/ul><p>\u00a0<\/p><p>\u00a0<\/p><hr \/><p>\u00a0<\/p><p><strong>Italia viaje srls<\/strong> Le agradecemos que haya elegido nuestros servicios y desea a todos sus clientes una experiencia inolvidable en Italia.<\/p>\t\t\t\t\t\t\t\t<\/div>\n\t\t\t\t<\/div>\n\t\t\t\t\t<\/div>\n\t\t\t\t<\/div>\n\t\t\t\t<\/div>","protected":false},"excerpt":{"rendered":"<p>Termini di Uso del Servizio per l&#8217;Acquisto di Tour su ItalyTrips.it Societ\u00e0: Italy Trip srlsP. IVA: 07371110482REA: FI &#8211; 698837Indirizzo Legale: Firenze (FI) Via Pasquale Villari 7 CAP 50136Email: info@italytrips.itTelefono: +39327 611 4697Responsabile d&#8217;Impresa: Zghondi Maher 1. Introduzione Benvenuto su ItalyTrips.it. Utilizzando il nostro sito web per acquistare i nostri tour, accetti i seguenti Termini [&hellip;]<\/p>","protected":false},"author":1,"featured_media":0,"parent":0,"menu_order":0,"comment_status":"closed","ping_status":"closed","template":"","meta":{"_price":"","_stock":"","_tribe_ticket_header":"","_tribe_default_ticket_provider":"","_tribe_ticket_capacity":"0","_ticket_start_date":"","_ticket_end_date":"","_tribe_ticket_show_description":"","_tribe_ticket_show_not_going":false,"_tribe_ticket_use_global_stock":"","_tribe_ticket_global_stock_level":"","_global_stock_mode":"","_global_stock_cap":"","_tribe_rsvp_for_event":"","_tribe_ticket_going_count":"","_tribe_ticket_not_going_count":"","_tribe_tickets_list":"[]","_tribe_ticket_has_attendee_info_fields":false,"footnotes":"","_tec_slr_enabled":"","_tec_slr_layout":""},"class_list":["post-696","page","type-page","status-publish","hentry"],"ticketed":false,"_links":{"self":[{"href":"https:\/\/italytrips.it\/es\/wp-json\/wp\/v2\/pages\/696","targetHints":{"allow":["GET"]}}],"collection":[{"href":"https:\/\/italytrips.it\/es\/wp-json\/wp\/v2\/pages"}],"about":[{"href":"https:\/\/italytrips.it\/es\/wp-json\/wp\/v2\/types\/page"}],"author":[{"embeddable":true,"href":"https:\/\/italytrips.it\/es\/wp-json\/wp\/v2\/users\/1"}],"replies":[{"embeddable":true,"href":"https:\/\/italytrips.it\/es\/wp-json\/wp\/v2\/comments?post=696"}],"version-history":[{"count":7,"href":"https:\/\/italytrips.it\/es\/wp-json\/wp\/v2\/pages\/696\/revisions"}],"predecessor-version":[{"id":703,"href":"https:\/\/italytrips.it\/es\/wp-json\/wp\/v2\/pages\/696\/revisions\/703"}],"wp:attachment":[{"href":"https:\/\/italytrips.it\/es\/wp-json\/wp\/v2\/media?parent=696"}],"curies":[{"name":"wp","href":"https:\/\/api.w.org\/{rel}","templated":true}]}}