{"id":719,"date":"2024-07-31T17:52:43","date_gmt":"2024-07-31T15:52:43","guid":{"rendered":"https:\/\/italytrips.it\/disconoscimento\/"},"modified":"2024-07-31T17:52:43","modified_gmt":"2024-07-31T15:52:43","slug":"disconoscimento","status":"publish","type":"page","link":"https:\/\/italytrips.it\/es\/disconoscimento\/","title":{"rendered":"Descargo de responsabilidad"},"content":{"rendered":"<!-- Legal document generated by Complianz | GDPR\/CCPA Cookie Consent https:\/\/wordpress.org\/plugins\/complianz-gdpr -->\n<div id=\"cmplz-document\" class=\"cmplz-document disclaimer cmplz-document-all\"><p>ITALYTRIPS \u00e8 un marchio di MARIO CITY TOUR FLORENCE DI ZGHONDI MAHER is committed to keeping this website up to date and accurate. Should you nevertheless encounter anything that is incorrect or out of date, we would appreciate it if you could let us know. Please indicate where on the website you read the information. We will then look at this as soon as possible. Please send your response by email to: &#105;&#110;&#102;o&#064;&#105;ta&#108;&#121;tr&#105;&#112;s.it.<\/p><p>No nos responsabilizamos de p\u00e9rdidas derivadas de inexactitudes o incompletitud, ni de p\u00e9rdidas derivadas de problemas causados o inherentes a la difusi\u00f3n de informaci\u00f3n a trav\u00e9s de internet, como interrupciones. Al utilizar formularios web, nos esforzamos por minimizar el n\u00famero de campos obligatorios. ITALYTRIPS, marca registrada de MARIO CITY TOUR FLORENCE DI ZGHONDI MAHER, no se responsabiliza de ninguna p\u00e9rdida derivada del uso de datos, consejos o ideas proporcionados por o en nombre de ITALYTRIPS, marca registrada de MARIO CITY TOUR FLORENCE DI ZGHONDI MAHER, a trav\u00e9s de este sitio web.<\/p><p>El uso del sitio web y todos sus componentes (incluidos los foros) est\u00e1 sujeto a <a href=\"https:\/\/italytrips.it\/es\/termini-di-uso\/\" target=\"_blank\">condiciones de uso<\/a>. El mero uso de este sitio web implica el conocimiento y aceptaci\u00f3n de estas condiciones de uso.<\/p><p>ITALYTRIPS, marca registrada de MARIO CITY TOUR FLORENCE DI ZGHONDI MAHER, har\u00e1 todo lo razonablemente posible para proteger sus sistemas contra cualquier tipo de uso il\u00edcito. ITALYTRIPS, marca registrada de MARIO CITY TOUR FLORENCE DI ZGHONDI MAHER, implementar\u00e1 las medidas t\u00e9cnicas y organizativas adecuadas para este fin, teniendo en cuenta, entre otros aspectos, el estado de la t\u00e9cnica. Sin embargo, no ser\u00e1 responsable de ninguna p\u00e9rdida, directa o indirecta, que sufra un usuario del sitio web como resultado del uso il\u00edcito de sus sistemas por parte de un tercero.<\/p><p>ITALYTRIPS es una marca registrada de MARIO CITY TOUR FLORENCE DI ZGHONDI MAHER. No se responsabiliza del contenido de los sitios web a los que se hace referencia mediante hiperv\u00ednculos u otras referencias. Los productos o servicios ofrecidos por terceros estar\u00e1n sujetos a los t\u00e9rminos y condiciones aplicables de dichos terceros.<\/p><p>Todos los derechos de propiedad intelectual sobre el contenido de este sitio web pertenecen a terceros que han colocado el contenido ellos mismos o de quienes ITALYTRIPS es una marca registrada de MARIO CITY TOUR FLORENCE DI ZGHONDI MAHER ha obtenido una licencia de usuario.<\/p><p>No se permite la copia, difusi\u00f3n ni ning\u00fan otro uso de estos materiales sin el permiso por escrito de ITALYTRIPS es una marca registrada de MARIO CITY TOUR FLORENCE DI ZGHONDI MAHER, excepto y solo en la medida en que se estipule lo contrario en las reglamentaciones de la ley obligatoria (como el derecho a citar), a menos que el contenido espec\u00edfico indique lo contrario.<\/p><p>Si tiene alguna pregunta o problema con la accesibilidad del sitio web, no dude en ponerse en contacto con nosotros.<\/p><\/div>","protected":false},"excerpt":{"rendered":"","protected":false},"author":1,"featured_media":0,"parent":0,"menu_order":0,"comment_status":"closed","ping_status":"closed","template":"","meta":{"_price":"","_stock":"","_tribe_ticket_header":"","_tribe_default_ticket_provider":"","_tribe_ticket_capacity":"0","_ticket_start_date":"","_ticket_end_date":"","_tribe_ticket_show_description":"","_tribe_ticket_show_not_going":false,"_tribe_ticket_use_global_stock":"","_tribe_ticket_global_stock_level":"","_global_stock_mode":"","_global_stock_cap":"","_tribe_rsvp_for_event":"","_tribe_ticket_going_count":"","_tribe_ticket_not_going_count":"","_tribe_tickets_list":"[]","_tribe_ticket_has_attendee_info_fields":false,"footnotes":"","_tec_slr_enabled":"","_tec_slr_layout":""},"class_list":["post-719","page","type-page","status-publish","hentry"],"ticketed":false,"_links":{"self":[{"href":"https:\/\/italytrips.it\/es\/wp-json\/wp\/v2\/pages\/719","targetHints":{"allow":["GET"]}}],"collection":[{"href":"https:\/\/italytrips.it\/es\/wp-json\/wp\/v2\/pages"}],"about":[{"href":"https:\/\/italytrips.it\/es\/wp-json\/wp\/v2\/types\/page"}],"author":[{"embeddable":true,"href":"https:\/\/italytrips.it\/es\/wp-json\/wp\/v2\/users\/1"}],"replies":[{"embeddable":true,"href":"https:\/\/italytrips.it\/es\/wp-json\/wp\/v2\/comments?post=719"}],"version-history":[{"count":0,"href":"https:\/\/italytrips.it\/es\/wp-json\/wp\/v2\/pages\/719\/revisions"}],"wp:attachment":[{"href":"https:\/\/italytrips.it\/es\/wp-json\/wp\/v2\/media?parent=719"}],"curies":[{"name":"wp","href":"https:\/\/api.w.org\/{rel}","templated":true}]}}