{"id":640,"date":"2024-07-31T16:22:34","date_gmt":"2024-07-31T14:22:34","guid":{"rendered":"https:\/\/italytrips.it\/?page_id=640"},"modified":"2024-07-31T16:36:52","modified_gmt":"2024-07-31T14:36:52","slug":"chi-siamo","status":"publish","type":"page","link":"https:\/\/italytrips.it\/fr\/chi-siamo\/","title":{"rendered":"Qui nous sommes"},"content":{"rendered":"<div data-elementor-type=\"wp-page\" data-elementor-id=\"640\" class=\"elementor elementor-640\" data-elementor-post-type=\"page\">\n\t\t\t\t<div class=\"elementor-element elementor-element-f19a048 e-flex e-con-boxed e-con e-parent\" data-id=\"f19a048\" data-element_type=\"container\">\n\t\t\t\t\t<div class=\"e-con-inner\">\n\t\t<div class=\"elementor-element elementor-element-5d10452 e-con-full e-flex e-con e-child\" data-id=\"5d10452\" data-element_type=\"container\">\n\t\t\t\t<div class=\"elementor-element elementor-element-6a94d18 elementor-widget elementor-widget-text-editor\" data-id=\"6a94d18\" data-element_type=\"widget\" data-widget_type=\"text-editor.default\">\n\t\t\t\t<div class=\"elementor-widget-container\">\n\t\t\t\t\t\t\t\t\t<p>Bienvenue sur ItalyTrips<\/p>\t\t\t\t\t\t\t\t<\/div>\n\t\t\t\t<\/div>\n\t\t\t\t<div class=\"elementor-element elementor-element-9d9b375 elementor-widget elementor-widget-text-editor\" data-id=\"9d9b375\" data-element_type=\"widget\" data-widget_type=\"text-editor.default\">\n\t\t\t\t<div class=\"elementor-widget-container\">\n\t\t\t\t\t\t\t\t\t<p><strong>Qui nous sommes:<\/strong><\/p><p>ItalyTrips est une agence de voyages et voyagiste sp\u00e9cialis\u00e9e dans l&#039;offre d&#039;exp\u00e9riences uniques et inoubliables en Italie. Avec une connaissance approfondie de la r\u00e9gion et une passion pour la culture italienne, nous nous engageons \u00e0 cr\u00e9er des itin\u00e9raires personnalis\u00e9s qui permettent \u00e0 nos clients de d\u00e9couvrir le meilleur du Bel Paese.<\/p><p>\u00a0<\/p><p><strong>Qu&#039;est-ce qu&#039;on fait:<\/strong><\/p><p>Nous organisons une large gamme de visites guid\u00e9es et d&#039;exp\u00e9riences sur mesure pour convenir \u00e0 chaque type de voyageur. Du c\u0153ur historique de Florence aux merveilles naturelles des Cinque Terre, en passant par les villes m\u00e9di\u00e9vales de Toscane et les march\u00e9s locaux anim\u00e9s, chacun de nos circuits est con\u00e7u pour offrir une vision authentique et engageante de l&#039;Italie.\u00a0<span style=\"color: var( --e-global-color-text );\">Certaines de nos visites les plus populaires incluent\u00a0:<\/span><\/p><ul><li><strong>Visite classique<\/strong>: Une introduction parfaite aux beaut\u00e9s historiques de Florence.<\/li><li><strong>grande tourn\u00e9e<\/strong>: Explorez encore plus avec une vue panoramique depuis la Piazzale Michelangelo.<\/li><li><strong>Visite prolong\u00e9e<\/strong>: D\u00e9couvrez l&#039;\u00e9glise de San Miniato al Monte et le march\u00e9 central.<\/li><li><strong>Visite de Dante<\/strong>: Suivez les traces de Dante Alighieri \u00e0 travers Florence.<\/li><li><strong>Italie Trip Tour (Ville)<\/strong>: Combinez visites culturelles et shopping de luxe.<\/li><li><strong>Visite de la Toscane<\/strong>: Visitez le Chianti, San Gimignano, Sienne, Monteriggioni et le domaine Torciano.<\/li><li><strong>Visite de Pise et Lucques<\/strong>: Explorez les villes historiques de Pise et Lucques.<\/li><li><strong>Visite des Cinque Terre<\/strong>: Admirez les villages pittoresques des Cinque Terre.<\/li><\/ul><p><strong>\u00a0<\/strong><\/p><p><strong>Pourquoi nous choisir\u00a0:<\/strong><\/p><ol><li><p><strong>Exp\u00e9rience et expertise<\/strong>: Forte de plusieurs ann\u00e9es d&#039;exp\u00e9rience dans l&#039;industrie du tourisme, notre \u00e9quipe d&#039;experts conna\u00eet chaque coin cach\u00e9 et chaque histoire fascinante de l&#039;Italie. Nous garantissons des visites bien planifi\u00e9es et g\u00e9r\u00e9es par des professionnels.<\/p><\/li><li><p><strong>Personnalisation<\/strong>: Chaque voyage est unique. Nous proposons des itin\u00e9raires personnalis\u00e9s pour r\u00e9pondre aux besoins et d\u00e9sirs sp\u00e9cifiques de chaque client. Qu&#039;il s&#039;agisse d&#039;une aventure romantique, de vacances en famille ou d&#039;un voyage culturel, ItalyTrips a la solution parfaite pour vous.<\/p><\/li><li><p><strong>Qualit\u00e9 et Confort<\/strong>: Nous utilisons uniquement des fournisseurs et des services de haute qualit\u00e9 pour garantir un maximum de confort et de s\u00e9curit\u00e9 lors des visites. Nos audioguides multilingues fournissent des informations d\u00e9taill\u00e9es et attrayantes dans plusieurs langues.<\/p><\/li><li><p><strong>Assistance d\u00e9di\u00e9e<\/strong>: Notre \u00e9quipe est toujours disponible pour vous offrir une assistance personnalis\u00e9e, r\u00e9pondre \u00e0 vos questions et veiller \u00e0 ce que chaque d\u00e9tail de votre voyage soit soign\u00e9 \u00e0 la perfection.<\/p><\/li><li><p><strong>Exp\u00e9riences authentiques<\/strong>: Nous avons \u00e0 c\u0153ur de faire vivre \u00e0 nos clients des exp\u00e9riences authentiques, loin des circuits touristiques de masse. Que vous exploriez un village m\u00e9di\u00e9val ou d\u00e9gustiez des vins dans un domaine viticole historique, avec ItalyTrips, vous aurez un v\u00e9ritable avant-go\u00fbt de l&#039;Italie.<\/p><\/li><\/ol><p><strong>\u00a0<\/strong><\/p><p><strong>Contactez-nous:<\/strong><br \/>Nous sommes l\u00e0 pour faire de votre r\u00eave italien une r\u00e9alit\u00e9. Contactez-nous d\u00e8s aujourd&#039;hui pour planifier votre prochain voyage avec ItalyTrips et pr\u00e9parez-vous \u00e0 vivre une exp\u00e9rience inoubliable !<\/p>\t\t\t\t\t\t\t\t<\/div>\n\t\t\t\t<\/div>\n\t\t\t\t<\/div>\n\t\t<div class=\"elementor-element elementor-element-067d9be e-con-full e-flex e-con e-child\" data-id=\"067d9be\" data-element_type=\"container\">\n\t\t\t\t<div class=\"elementor-element elementor-element-5bb57d8 elementor-widget elementor-widget-image\" data-id=\"5bb57d8\" data-element_type=\"widget\" data-widget_type=\"image.default\">\n\t\t\t\t<div class=\"elementor-widget-container\">\n\t\t\t\t\t\t\t\t\t\t\t\t\t\t\t<img fetchpriority=\"high\" decoding=\"async\" width=\"768\" height=\"964\" src=\"https:\/\/italytrips.it\/wp-content\/uploads\/2024\/07\/ItalyTrips_Logo-768x964.png\" class=\"attachment-medium_large size-medium_large wp-image-58\" alt=\"Italy Trips - Logo\" srcset=\"https:\/\/italytrips.it\/wp-content\/uploads\/2024\/07\/ItalyTrips_Logo-768x964.png 768w, https:\/\/italytrips.it\/wp-content\/uploads\/2024\/07\/ItalyTrips_Logo-600x753.png 600w, https:\/\/italytrips.it\/wp-content\/uploads\/2024\/07\/ItalyTrips_Logo-239x300.png 239w, https:\/\/italytrips.it\/wp-content\/uploads\/2024\/07\/ItalyTrips_Logo-816x1024.png 816w, https:\/\/italytrips.it\/wp-content\/uploads\/2024\/07\/ItalyTrips_Logo.png 858w\" sizes=\"(max-width: 768px) 100vw, 768px\" \/>\t\t\t\t\t\t\t\t\t\t\t\t\t\t\t<\/div>\n\t\t\t\t<\/div>\n\t\t\t\t<\/div>\n\t\t\t\t\t<\/div>\n\t\t\t\t<\/div>\n\t\t\t\t<\/div>","protected":false},"excerpt":{"rendered":"<p>Benvenuti su ItalyTrips Chi Siamo: ItalyTrips \u00e8 un&#8217;agenzia di viaggi e tour operator specializzata nell&#8217;offrire esperienze uniche e indimenticabili in Italia. Con una profonda conoscenza del territorio e una passione per la cultura italiana, ci dedichiamo a creare itinerari personalizzati che permettono ai nostri clienti di scoprire il meglio del Bel Paese. \u00a0 Cosa Facciamo: [&hellip;]<\/p>","protected":false},"author":1,"featured_media":0,"parent":0,"menu_order":0,"comment_status":"closed","ping_status":"closed","template":"","meta":{"_price":"","_stock":"","_tribe_ticket_header":"","_tribe_default_ticket_provider":"","_tribe_ticket_capacity":"0","_ticket_start_date":"","_ticket_end_date":"","_tribe_ticket_show_description":"","_tribe_ticket_show_not_going":false,"_tribe_ticket_use_global_stock":"","_tribe_ticket_global_stock_level":"","_global_stock_mode":"","_global_stock_cap":"","_tribe_rsvp_for_event":"","_tribe_ticket_going_count":"","_tribe_ticket_not_going_count":"","_tribe_tickets_list":"[]","_tribe_ticket_has_attendee_info_fields":false,"footnotes":"","_tec_slr_enabled":"","_tec_slr_layout":""},"class_list":["post-640","page","type-page","status-publish","hentry"],"ticketed":false,"_links":{"self":[{"href":"https:\/\/italytrips.it\/fr\/wp-json\/wp\/v2\/pages\/640","targetHints":{"allow":["GET"]}}],"collection":[{"href":"https:\/\/italytrips.it\/fr\/wp-json\/wp\/v2\/pages"}],"about":[{"href":"https:\/\/italytrips.it\/fr\/wp-json\/wp\/v2\/types\/page"}],"author":[{"embeddable":true,"href":"https:\/\/italytrips.it\/fr\/wp-json\/wp\/v2\/users\/1"}],"replies":[{"embeddable":true,"href":"https:\/\/italytrips.it\/fr\/wp-json\/wp\/v2\/comments?post=640"}],"version-history":[{"count":19,"href":"https:\/\/italytrips.it\/fr\/wp-json\/wp\/v2\/pages\/640\/revisions"}],"predecessor-version":[{"id":672,"href":"https:\/\/italytrips.it\/fr\/wp-json\/wp\/v2\/pages\/640\/revisions\/672"}],"wp:attachment":[{"href":"https:\/\/italytrips.it\/fr\/wp-json\/wp\/v2\/media?parent=640"}],"curies":[{"name":"wp","href":"https:\/\/api.w.org\/{rel}","templated":true}]}}