{"id":696,"date":"2024-07-31T17:42:00","date_gmt":"2024-07-31T15:42:00","guid":{"rendered":"https:\/\/italytrips.it\/?page_id=696"},"modified":"2024-07-31T17:45:45","modified_gmt":"2024-07-31T15:45:45","slug":"termini-di-uso","status":"publish","type":"page","link":"https:\/\/italytrips.it\/fr\/termini-di-uso\/","title":{"rendered":"Conditions d&#039;utilisation"},"content":{"rendered":"<div data-elementor-type=\"wp-page\" data-elementor-id=\"696\" class=\"elementor elementor-696\" data-elementor-post-type=\"page\">\n\t\t\t\t<div class=\"elementor-element elementor-element-7acdeea e-flex e-con-boxed e-con e-parent\" data-id=\"7acdeea\" data-element_type=\"container\">\n\t\t\t\t\t<div class=\"e-con-inner\">\n\t\t\t\t<div class=\"elementor-element elementor-element-c0559fe elementor-widget elementor-widget-text-editor\" data-id=\"c0559fe\" data-element_type=\"widget\" data-widget_type=\"text-editor.default\">\n\t\t\t\t<div class=\"elementor-widget-container\">\n\t\t\t\t\t\t\t\t\t<p>Conditions d&#039;utilisation du service d&#039;achat de circuits sur ItalyTrips.it<br><\/p>\t\t\t\t\t\t\t\t<\/div>\n\t\t\t\t<\/div>\n\t\t\t\t<div class=\"elementor-element elementor-element-1d35655 elementor-widget elementor-widget-text-editor\" data-id=\"1d35655\" data-element_type=\"widget\" data-widget_type=\"text-editor.default\">\n\t\t\t\t<div class=\"elementor-widget-container\">\n\t\t\t\t\t\t\t\t\t<p><strong>Soci\u00e9t\u00e9: <\/strong>Italie Trip srls<br \/>Num\u00e9ro de TVA : 07371110482<br \/>REA : FI \u2013 698837<br \/>Adresse l\u00e9gale : Florence (FI) Via Pasquale Villari 7 CAP 50136<br \/>E-mail: <a rel=\"noreferrer\">info@italytrips.it<\/a><br \/>T\u00e9l\u00e9phone : +39327 611 4697<br \/>Directeur commercial : Zghondi Maher<\/p><h3>1. Introduction<\/h3><p>Bienvenue sur ItalyTrips.it. En utilisant notre site Web pour acheter nos visites, vous acceptez les conditions d&#039;utilisation suivantes. Veuillez lire attentivement ces conditions avant d&#039;utiliser nos services.<\/p><h3>2. D\u00e9finitions<\/h3><ul><li><strong>&quot;Service&quot;<\/strong> fait r\u00e9f\u00e9rence aux circuits propos\u00e9s par Italy Trip srls via le site ItalyTrips.it.<\/li><li><strong>&quot;Utilisateur&quot;<\/strong> d\u00e9signe toute personne physique ou morale qui utilise le Site Internet pour acheter des Tours.<\/li><li><strong>&quot;Contracter&quot;<\/strong> fait r\u00e9f\u00e9rence \u00e0 l&#039;accord juridique entre Italy Trip srls et l&#039;Utilisateur relatif \u00e0 l&#039;achat de circuits.<\/li><\/ul><h3>3. Acceptation des Conditions<\/h3><p>En utilisant le site Web et en achetant nos visites, vous acceptez de respecter ces conditions d&#039;utilisation. Si vous n&#039;acceptez pas ces conditions, veuillez ne pas utiliser nos services.<\/p><h3>4. Modifications des Conditions<\/h3><p>Italy Trip srls se r\u00e9serve le droit de modifier les pr\u00e9sentes conditions d&#039;utilisation \u00e0 tout moment. Les modifications entreront en vigueur d\u00e8s leur publication sur le site Internet. Vous \u00eates responsable de v\u00e9rifier p\u00e9riodiquement les conditions d\u2019utilisation pour les mises \u00e0 jour.<\/p><h3>5. Services offerts<\/h3><p>Italy Trip srls propose une vari\u00e9t\u00e9 de visites guid\u00e9es en Italie. Les d\u00e9tails sp\u00e9cifiques de chaque visite, y compris les prix, la dur\u00e9e et l&#039;itin\u00e9raire, sont disponibles sur le site Web.<\/p><h3>6. R\u00e9servations et paiements<\/h3><ul><li>Les r\u00e9servations peuvent \u00eatre effectu\u00e9es via le site ItalyTrips.it.<\/li><li>Le paiement des visites doit \u00eatre effectu\u00e9 au moment de la r\u00e9servation.<\/li><li>Les prix indiqu\u00e9s sur le site incluent la TVA et les \u00e9ventuelles taxes applicables.<\/li><\/ul><h3>7. Politique d&#039;annulation<\/h3><ul><li>Les annulations doivent \u00eatre communiqu\u00e9es par email \u00e0 <a rel=\"noreferrer\">info@italytrips.it<\/a>.<\/li><li>Les annulations effectu\u00e9es au moins 48 heures avant l&#039;heure de d\u00e9but de la visite sont sujettes \u00e0 un remboursement int\u00e9gral.<\/li><li>Les annulations faites moins de 48 heures \u00e0 l&#039;avance ne sont pas remboursables.<\/li><\/ul><h3>8. Responsabilit\u00e9s de l&#039;utilisateur<\/h3><p>Vous \u00eates responsable de fournir des informations exactes pendant le processus de r\u00e9servation. Italy Trip srls n&#039;est pas responsable des inconv\u00e9nients caus\u00e9s par des informations incorrectes fournies par l&#039;utilisateur.<\/p><h3>9. Limitation de responsabilit\u00e9<\/h3><p>Italy Trip srls ne sera pas responsable des dommages directs, indirects, accessoires, cons\u00e9cutifs ou punitifs r\u00e9sultant de l&#039;utilisation de nos services, sauf en cas de faute intentionnelle ou de n\u00e9gligence grave.<\/p><h3>10. Propri\u00e9t\u00e9 intellectuelle<\/h3><p>Tous les contenus du site ItalyTrips.it, y compris les textes, images et marques, sont la propri\u00e9t\u00e9 d&#039;Italy Trip srls et sont prot\u00e9g\u00e9s par les lois sur le droit d&#039;auteur et les marques.<\/p><h3>11. Loi applicable<\/h3><p>Les pr\u00e9sentes conditions d&#039;utilisation sont r\u00e9gies et interpr\u00e9t\u00e9es conform\u00e9ment aux lois italiennes. Tout litige d\u00e9coulant des pr\u00e9sentes Conditions sera soumis \u00e0 la comp\u00e9tence exclusive des tribunaux de Florence.<\/p><h3>12. Contacts<\/h3><p>Pour toute question ou demande d&#039;assistance, l&#039;Utilisateur peut contacter Italy Trip srls via les coordonn\u00e9es suivantes :<\/p><ul><li>E-mail: <a rel=\"noreferrer\">info@italytrips.it<\/a><\/li><li>T\u00e9l\u00e9phone : +39327 611 4697<\/li><\/ul><p>\u00a0<\/p><p>\u00a0<\/p><hr \/><p>\u00a0<\/p><p><strong>Italie Trip srls<\/strong> vous remercie d&#039;avoir choisi nos services et souhaite \u00e0 tous vos clients une exp\u00e9rience inoubliable en Italie.<\/p>\t\t\t\t\t\t\t\t<\/div>\n\t\t\t\t<\/div>\n\t\t\t\t\t<\/div>\n\t\t\t\t<\/div>\n\t\t\t\t<\/div>","protected":false},"excerpt":{"rendered":"<p>Termini di Uso del Servizio per l&#8217;Acquisto di Tour su ItalyTrips.it Societ\u00e0: Italy Trip srlsP. IVA: 07371110482REA: FI &#8211; 698837Indirizzo Legale: Firenze (FI) Via Pasquale Villari 7 CAP 50136Email: info@italytrips.itTelefono: +39327 611 4697Responsabile d&#8217;Impresa: Zghondi Maher 1. Introduzione Benvenuto su ItalyTrips.it. Utilizzando il nostro sito web per acquistare i nostri tour, accetti i seguenti Termini [&hellip;]<\/p>","protected":false},"author":1,"featured_media":0,"parent":0,"menu_order":0,"comment_status":"closed","ping_status":"closed","template":"","meta":{"_price":"","_stock":"","_tribe_ticket_header":"","_tribe_default_ticket_provider":"","_tribe_ticket_capacity":"0","_ticket_start_date":"","_ticket_end_date":"","_tribe_ticket_show_description":"","_tribe_ticket_show_not_going":false,"_tribe_ticket_use_global_stock":"","_tribe_ticket_global_stock_level":"","_global_stock_mode":"","_global_stock_cap":"","_tribe_rsvp_for_event":"","_tribe_ticket_going_count":"","_tribe_ticket_not_going_count":"","_tribe_tickets_list":"[]","_tribe_ticket_has_attendee_info_fields":false,"footnotes":"","_tec_slr_enabled":"","_tec_slr_layout":""},"class_list":["post-696","page","type-page","status-publish","hentry"],"ticketed":false,"_links":{"self":[{"href":"https:\/\/italytrips.it\/fr\/wp-json\/wp\/v2\/pages\/696","targetHints":{"allow":["GET"]}}],"collection":[{"href":"https:\/\/italytrips.it\/fr\/wp-json\/wp\/v2\/pages"}],"about":[{"href":"https:\/\/italytrips.it\/fr\/wp-json\/wp\/v2\/types\/page"}],"author":[{"embeddable":true,"href":"https:\/\/italytrips.it\/fr\/wp-json\/wp\/v2\/users\/1"}],"replies":[{"embeddable":true,"href":"https:\/\/italytrips.it\/fr\/wp-json\/wp\/v2\/comments?post=696"}],"version-history":[{"count":7,"href":"https:\/\/italytrips.it\/fr\/wp-json\/wp\/v2\/pages\/696\/revisions"}],"predecessor-version":[{"id":703,"href":"https:\/\/italytrips.it\/fr\/wp-json\/wp\/v2\/pages\/696\/revisions\/703"}],"wp:attachment":[{"href":"https:\/\/italytrips.it\/fr\/wp-json\/wp\/v2\/media?parent=696"}],"curies":[{"name":"wp","href":"https:\/\/api.w.org\/{rel}","templated":true}]}}