{"id":718,"date":"2024-07-31T17:52:43","date_gmt":"2024-07-31T15:52:43","guid":{"rendered":"https:\/\/italytrips.it\/imprint\/"},"modified":"2024-07-31T18:00:41","modified_gmt":"2024-07-31T16:00:41","slug":"imprint","status":"publish","type":"page","link":"https:\/\/italytrips.it\/fr\/imprint\/","title":{"rendered":"Imprimer"},"content":{"rendered":"<!-- Legal document generated by Complianz | GDPR\/CCPA Cookie Consent https:\/\/wordpress.org\/plugins\/complianz-gdpr -->\n<div id=\"cmplz-document\" class=\"cmplz-document impressum cmplz-document-all\"><p><i>This imprint was last updated on 10 d\u00e9cembre 2024.<\/i><\/p><p class=\"cmplz-subtitle\">Le propri\u00e9taire de ce site Web est :<\/p><p>ITALYTRIPS est une marque d\u00e9pos\u00e9e de MARIO CITY TOUR FLORENCE DI ZGHONDI MAHER de<br>VICOLO DEI PINOZZI 7, 50136 Florence (FI)<br>Italie<br>Email:&nbsp;&#105;&#110;&#102;o&#064;it&#097;&#108;yt&#114;ips.&#105;t<br>Num\u00e9ro de t\u00e9l\u00e9phone : +39 327 611 4697<br>Num\u00e9ro de TVA : IT07299510482<\/p><p class=\"cmplz-subtitle\">Le(s) repr\u00e9sentant(s) l\u00e9gal(aux) d&#039;ITALYTRIPS est\/sont une marque d\u00e9pos\u00e9e de MARIO CITY TOUR FLORENCE DI ZGHONDI MAHER de :<\/p><p>ZGHONDI MAHER<\/p><h2>1. G\u00e9n\u00e9ralit\u00e9s<\/h2><p class=\"cmplz-subtitle\">1.1 Nous sommes enregistr\u00e9s au FI - 693882 sous le num\u00e9ro de licence ou d&#039;enregistrement :<\/p><p><\/p><p>Nous sommes dispos\u00e9s ou oblig\u00e9s de participer \u00e0 des proc\u00e9dures de r\u00e8glement des litiges devant un conseil d\u2019arbitrage des consommateurs.<\/p><h2>2. Les informations suivantes sont obligatoires conform\u00e9ment \u00e0 la loi allemande.<\/h2><p class=\"cmplz-subtitle\">2.1 Die Eigentumsanteile der Gesellschaft (Aktienkapital), die von ihr ausgegeben wurden\u00a0:<\/p><p>100<\/p><\/div>\n\n\n<div style=\"height:100px\" aria-hidden=\"true\" class=\"wp-block-spacer\"><\/div>","protected":false},"excerpt":{"rendered":"","protected":false},"author":1,"featured_media":0,"parent":0,"menu_order":0,"comment_status":"closed","ping_status":"closed","template":"","meta":{"_price":"","_stock":"","_tribe_ticket_header":"","_tribe_default_ticket_provider":"","_tribe_ticket_capacity":"0","_ticket_start_date":"","_ticket_end_date":"","_tribe_ticket_show_description":"","_tribe_ticket_show_not_going":false,"_tribe_ticket_use_global_stock":"","_tribe_ticket_global_stock_level":"","_global_stock_mode":"","_global_stock_cap":"","_tribe_rsvp_for_event":"","_tribe_ticket_going_count":"","_tribe_ticket_not_going_count":"","_tribe_tickets_list":"[]","_tribe_ticket_has_attendee_info_fields":false,"footnotes":"","_tec_slr_enabled":"","_tec_slr_layout":""},"class_list":["post-718","page","type-page","status-publish","hentry"],"ticketed":false,"_links":{"self":[{"href":"https:\/\/italytrips.it\/fr\/wp-json\/wp\/v2\/pages\/718","targetHints":{"allow":["GET"]}}],"collection":[{"href":"https:\/\/italytrips.it\/fr\/wp-json\/wp\/v2\/pages"}],"about":[{"href":"https:\/\/italytrips.it\/fr\/wp-json\/wp\/v2\/types\/page"}],"author":[{"embeddable":true,"href":"https:\/\/italytrips.it\/fr\/wp-json\/wp\/v2\/users\/1"}],"replies":[{"embeddable":true,"href":"https:\/\/italytrips.it\/fr\/wp-json\/wp\/v2\/comments?post=718"}],"version-history":[{"count":1,"href":"https:\/\/italytrips.it\/fr\/wp-json\/wp\/v2\/pages\/718\/revisions"}],"predecessor-version":[{"id":728,"href":"https:\/\/italytrips.it\/fr\/wp-json\/wp\/v2\/pages\/718\/revisions\/728"}],"wp:attachment":[{"href":"https:\/\/italytrips.it\/fr\/wp-json\/wp\/v2\/media?parent=718"}],"curies":[{"name":"wp","href":"https:\/\/api.w.org\/{rel}","templated":true}]}}