{"id":719,"date":"2024-07-31T17:52:43","date_gmt":"2024-07-31T15:52:43","guid":{"rendered":"https:\/\/italytrips.it\/disconoscimento\/"},"modified":"2024-07-31T17:52:43","modified_gmt":"2024-07-31T15:52:43","slug":"disconoscimento","status":"publish","type":"page","link":"https:\/\/italytrips.it\/fr\/disconoscimento\/","title":{"rendered":"Clause de non-responsabilit\u00e9"},"content":{"rendered":"<!-- Legal document generated by Complianz | GDPR\/CCPA Cookie Consent https:\/\/wordpress.org\/plugins\/complianz-gdpr -->\n<div id=\"cmplz-document\" class=\"cmplz-document disclaimer cmplz-document-all\"><p>ITALYTRIPS \u00e8 un marchio di MARIO CITY TOUR FLORENCE DI ZGHONDI MAHER is committed to keeping this website up to date and accurate. Should you nevertheless encounter anything that is incorrect or out of date, we would appreciate it if you could let us know. Please indicate where on the website you read the information. We will then look at this as soon as possible. Please send your response by email to: in&#102;o&#064;it&#097;lyt&#114;ips.it.<\/p><p>Nous d\u00e9clinons toute responsabilit\u00e9 en cas de perte r\u00e9sultant d&#039;inexactitudes ou de lacunes, ni en cas de probl\u00e8mes caus\u00e9s par ou inh\u00e9rents \u00e0 la diffusion d&#039;informations sur Internet, tels que des perturbations ou des interruptions. Lors de l&#039;utilisation de formulaires web, nous nous effor\u00e7ons de limiter au minimum le nombre de champs obligatoires. ITALYTRIPS \u2013 une marque d\u00e9pos\u00e9e de MARIO CITY TOUR FLORENCE DI ZGHONDI MAHER \u2013 d\u00e9cline toute responsabilit\u00e9 en cas de perte r\u00e9sultant de l&#039;utilisation de donn\u00e9es, de conseils ou d&#039;id\u00e9es fournis par ou au nom d&#039;ITALYTRIPS \u2013 une marque d\u00e9pos\u00e9e de MARIO CITY TOUR FLORENCE DI ZGHONDI MAHER via ce site web.<\/p><p>L&#039;utilisation du site Web et de tous ses composants (y compris les forums) est soumise \u00e0 <a href=\"https:\/\/italytrips.it\/fr\/termini-di-uso\/\" target=\"_blank\">conditions d&#039;utilisation<\/a>. La simple utilisation de ce site Web implique la connaissance et l&#039;acceptation des pr\u00e9sentes conditions d&#039;utilisation.<\/p><p>ITALYTRIPS est une marque d\u00e9pos\u00e9e de MARIO CITY TOUR FLORENCE DI ZGHONDI MAHER et met tout en \u0153uvre pour prot\u00e9ger ses syst\u00e8mes contre toute forme d&#039;utilisation illicite. ITALYTRIPS est une marque d\u00e9pos\u00e9e de MARIO CITY TOUR FLORENCE DI ZGHONDI MAHER et met en \u0153uvre les mesures techniques et organisationnelles appropri\u00e9es \u00e0 cette fin, en tenant compte, entre autres, de l&#039;\u00e9tat de la technique. Cependant, ITALYTRIPS ne saurait \u00eatre tenue responsable de tout pr\u00e9judice, direct et\/ou indirect, subi par un utilisateur du site web, r\u00e9sultant de l&#039;utilisation illicite de ses syst\u00e8mes par un tiers.<\/p><p>ITALYTRIPS est une marque d\u00e9pos\u00e9e de MARIO CITY TOUR FLORENCE DI ZGHONDI. MAHER d\u00e9cline toute responsabilit\u00e9 quant au contenu des sites web vers lesquels ou \u00e0 partir desquels un lien hypertexte ou toute autre r\u00e9f\u00e9rence est \u00e9tabli. Les produits ou services propos\u00e9s par des tiers sont soumis aux conditions g\u00e9n\u00e9rales applicables de ces tiers.<\/p><p>Tous les droits de propri\u00e9t\u00e9 intellectuelle sur le contenu de ce site Web appartiennent \u00e0 des tiers qui ont eux-m\u00eames plac\u00e9 le contenu ou aupr\u00e8s desquels ITALYTRIPS est une marque d\u00e9pos\u00e9e de MARIO CITY TOUR FLORENCE DI ZGHONDI MAHER a obtenu une licence d&#039;utilisation.<\/p><p>La copie, la diffusion et toute autre utilisation de ces documents ne sont pas autoris\u00e9es sans l&#039;autorisation \u00e9crite de ITALYTRIPS est une marque d\u00e9pos\u00e9e de MARIO CITY TOUR FLORENCE DI ZGHONDI MAHER, sauf et uniquement dans la mesure o\u00f9 cela est stipul\u00e9 autrement dans les r\u00e9glementations de droit imp\u00e9ratif (comme le droit de citation), \u00e0 moins qu&#039;un contenu sp\u00e9cifique n&#039;en dispose autrement.<\/p><p>Si vous avez des questions ou des probl\u00e8mes concernant l&#039;accessibilit\u00e9 du site Web, n&#039;h\u00e9sitez pas \u00e0 nous contacter.<\/p><\/div>","protected":false},"excerpt":{"rendered":"","protected":false},"author":1,"featured_media":0,"parent":0,"menu_order":0,"comment_status":"closed","ping_status":"closed","template":"","meta":{"_price":"","_stock":"","_tribe_ticket_header":"","_tribe_default_ticket_provider":"","_tribe_ticket_capacity":"0","_ticket_start_date":"","_ticket_end_date":"","_tribe_ticket_show_description":"","_tribe_ticket_show_not_going":false,"_tribe_ticket_use_global_stock":"","_tribe_ticket_global_stock_level":"","_global_stock_mode":"","_global_stock_cap":"","_tribe_rsvp_for_event":"","_tribe_ticket_going_count":"","_tribe_ticket_not_going_count":"","_tribe_tickets_list":"[]","_tribe_ticket_has_attendee_info_fields":false,"footnotes":"","_tec_slr_enabled":"","_tec_slr_layout":""},"class_list":["post-719","page","type-page","status-publish","hentry"],"ticketed":false,"_links":{"self":[{"href":"https:\/\/italytrips.it\/fr\/wp-json\/wp\/v2\/pages\/719","targetHints":{"allow":["GET"]}}],"collection":[{"href":"https:\/\/italytrips.it\/fr\/wp-json\/wp\/v2\/pages"}],"about":[{"href":"https:\/\/italytrips.it\/fr\/wp-json\/wp\/v2\/types\/page"}],"author":[{"embeddable":true,"href":"https:\/\/italytrips.it\/fr\/wp-json\/wp\/v2\/users\/1"}],"replies":[{"embeddable":true,"href":"https:\/\/italytrips.it\/fr\/wp-json\/wp\/v2\/comments?post=719"}],"version-history":[{"count":0,"href":"https:\/\/italytrips.it\/fr\/wp-json\/wp\/v2\/pages\/719\/revisions"}],"wp:attachment":[{"href":"https:\/\/italytrips.it\/fr\/wp-json\/wp\/v2\/media?parent=719"}],"curies":[{"name":"wp","href":"https:\/\/api.w.org\/{rel}","templated":true}]}}