{"id":640,"date":"2024-07-31T16:22:34","date_gmt":"2024-07-31T14:22:34","guid":{"rendered":"https:\/\/italytrips.it\/?page_id=640"},"modified":"2024-07-31T16:36:52","modified_gmt":"2024-07-31T14:36:52","slug":"chi-siamo","status":"publish","type":"page","link":"https:\/\/italytrips.it\/pl\/chi-siamo\/","title":{"rendered":"Kim jeste\u015bmy"},"content":{"rendered":"<div data-elementor-type=\"wp-page\" data-elementor-id=\"640\" class=\"elementor elementor-640\" data-elementor-post-type=\"page\">\n\t\t\t\t<div class=\"elementor-element elementor-element-f19a048 e-flex e-con-boxed e-con e-parent\" data-id=\"f19a048\" data-element_type=\"container\">\n\t\t\t\t\t<div class=\"e-con-inner\">\n\t\t<div class=\"elementor-element elementor-element-5d10452 e-con-full e-flex e-con e-child\" data-id=\"5d10452\" data-element_type=\"container\">\n\t\t\t\t<div class=\"elementor-element elementor-element-6a94d18 elementor-widget elementor-widget-text-editor\" data-id=\"6a94d18\" data-element_type=\"widget\" data-widget_type=\"text-editor.default\">\n\t\t\t\t<div class=\"elementor-widget-container\">\n\t\t\t\t\t\t\t\t\t<p>Witamy we W\u0142oszechWycieczki<\/p>\t\t\t\t\t\t\t\t<\/div>\n\t\t\t\t<\/div>\n\t\t\t\t<div class=\"elementor-element elementor-element-9d9b375 elementor-widget elementor-widget-text-editor\" data-id=\"9d9b375\" data-element_type=\"widget\" data-widget_type=\"text-editor.default\">\n\t\t\t\t<div class=\"elementor-widget-container\">\n\t\t\t\t\t\t\t\t\t<p><strong>Kim jeste\u015bmy:<\/strong><\/p><p>ItalyTrips to biuro podr\u00f3\u017cy i organizator wycieczek specjalizuj\u0105ce si\u0119 w oferowaniu wyj\u0105tkowych i niezapomnianych wra\u017ce\u0144 we W\u0142oszech. Dzi\u0119ki g\u0142\u0119bokiej znajomo\u015bci obszaru i pasji do w\u0142oskiej kultury, po\u015bwi\u0119camy si\u0119 tworzeniu spersonalizowanych plan\u00f3w podr\u00f3\u017cy, kt\u00f3re pozwalaj\u0105 naszym klientom odkry\u0107 to, co najlepsze w Bel Paese.<\/p><p>\u00a0<\/p><p><strong>Co robimy:<\/strong><\/p><p>Organizujemy szerok\u0105 gam\u0119 wycieczek z przewodnikiem i atrakcji dostosowanych do potrzeb ka\u017cdego typu podr\u00f3\u017cnika. Od historycznego serca Florencji po cuda natury Cinque Terre, przez \u015bredniowieczne miasta Toskanii i t\u0119tni\u0105ce \u017cyciem lokalne targi \u2013 ka\u017cda z naszych wycieczek ma na celu przedstawienie autentycznej i wci\u0105gaj\u0105cej wizji W\u0142och.\u00a0<span style=\"color: var( --e-global-color-text );\">Do naszych najpopularniejszych wycieczek nale\u017c\u0105:<\/span><\/p><ul><li><strong>Klasyczna wycieczka<\/strong>: Idealne wprowadzenie do historycznego pi\u0119kna Florencji.<\/li><li><strong>Wielka podr\u00f3\u017c<\/strong>: Odkryj jeszcze wi\u0119cej dzi\u0119ki panoramicznemu widokowi z Piazzale Michelangelo.<\/li><li><strong>Wycieczka rozszerzona<\/strong>: Odkryj ko\u015bci\u00f3\u0142 San Miniato al Monte i rynek centralny.<\/li><li><strong>Wycieczka Dantego<\/strong>: Pod\u0105\u017caj \u015bladami Dantego Alighieri przez Florencj\u0119.<\/li><li><strong>Wycieczka po W\u0142oszech (miasto)<\/strong>: Po\u0142\u0105cz wizyty kulturalne i luksusowe zakupy.<\/li><li><strong>Wycieczka po Toskanii<\/strong>: Odwied\u017a Chianti, San Gimignano, Sien\u0119, Monteriggioni i posiad\u0142o\u015b\u0107 Torciano.<\/li><li><strong>Wycieczka do Pizy i Lukki<\/strong>: Poznaj historyczne miasta Piza i Lukka.<\/li><li><strong>Wycieczka po Cinque Terre<\/strong>: Podziwiaj malownicze wioski Cinque Terre.<\/li><\/ul><p><strong>\u00a0<\/strong><\/p><p><strong>Dlaczego warto wybra\u0107 nas:<\/strong><\/p><ol><li><p><strong>Do\u015bwiadczenie i wiedza<\/strong>: Dzi\u0119ki wieloletniemu do\u015bwiadczeniu w bran\u017cy turystycznej nasz zesp\u00f3\u0142 ekspert\u00f3w zna ka\u017cdy ukryty zak\u0105tek i ka\u017cd\u0105 fascynuj\u0105c\u0105 histori\u0119 W\u0142och. Gwarantujemy dobrze zaplanowane i profesjonalnie zorganizowane wycieczki.<\/p><\/li><li><p><strong>Personalizacja<\/strong>: Ka\u017cda podr\u00f3\u017c jest wyj\u0105tkowa. Oferujemy spersonalizowane plany podr\u00f3\u017cy, aby spe\u0142ni\u0107 specyficzne potrzeby i pragnienia ka\u017cdego klienta. Niezale\u017cnie od tego, czy jest to romantyczna przygoda, rodzinne wakacje czy wycieczka kulturalna, ItalyTrips ma dla Ciebie idealne rozwi\u0105zanie.<\/p><\/li><li><p><strong>Jako\u015b\u0107 i komfort<\/strong>: Korzystamy wy\u0142\u0105cznie z us\u0142ug dostawc\u00f3w i us\u0142ug wysokiej jako\u015bci, aby zapewni\u0107 maksymalny komfort i bezpiecze\u0144stwo podczas wycieczek. Nasze wieloj\u0119zyczne audioprzewodniki dostarczaj\u0105 szczeg\u00f3\u0142owych, wci\u0105gaj\u0105cych informacji w wielu j\u0119zykach.<\/p><\/li><li><p><strong>Dedykowana pomoc<\/strong>: Nasz zesp\u00f3\u0142 jest zawsze dost\u0119pny, aby zaoferowa\u0107 spersonalizowan\u0105 pomoc, odpowiedzie\u0107 na Twoje pytania i upewni\u0107 si\u0119, \u017ce ka\u017cdy szczeg\u00f3\u0142 Twojej podr\u00f3\u017cy jest perfekcyjnie zadbany.<\/p><\/li><li><p><strong>Autentyczne prze\u017cycia<\/strong>: Zale\u017cy nam na tym, aby nasi klienci prze\u017cyli autentyczne do\u015bwiadczenia z dala od masowych szlak\u00f3w turystycznych. Niezale\u017cnie od tego, czy zwiedzasz \u015bredniowieczn\u0105 wiosk\u0119, czy degustujesz wina w historycznej winnicy, dzi\u0119ki ItalyTrips poczujesz prawdziwy smak W\u0142och.<\/p><\/li><\/ol><p><strong>\u00a0<\/strong><\/p><p><strong>Skontaktuj si\u0119 z nami:<\/strong><br \/>Jeste\u015bmy tutaj, aby spe\u0142ni\u0107 Twoje w\u0142oskie marzenie. Skontaktuj si\u0119 z nami ju\u017c dzi\u015b, aby zaplanowa\u0107 kolejn\u0105 podr\u00f3\u017c z ItalyTrips i przygotowa\u0107 si\u0119 na niezapomniane wra\u017cenia!<\/p>\t\t\t\t\t\t\t\t<\/div>\n\t\t\t\t<\/div>\n\t\t\t\t<\/div>\n\t\t<div class=\"elementor-element elementor-element-067d9be e-con-full e-flex e-con e-child\" data-id=\"067d9be\" data-element_type=\"container\">\n\t\t\t\t<div class=\"elementor-element elementor-element-5bb57d8 elementor-widget elementor-widget-image\" data-id=\"5bb57d8\" data-element_type=\"widget\" data-widget_type=\"image.default\">\n\t\t\t\t<div class=\"elementor-widget-container\">\n\t\t\t\t\t\t\t\t\t\t\t\t\t\t\t<img fetchpriority=\"high\" decoding=\"async\" width=\"768\" height=\"964\" src=\"https:\/\/italytrips.it\/wp-content\/uploads\/2024\/07\/ItalyTrips_Logo-768x964.png\" class=\"attachment-medium_large size-medium_large wp-image-58\" alt=\"Italy Trips - Logo\" srcset=\"https:\/\/italytrips.it\/wp-content\/uploads\/2024\/07\/ItalyTrips_Logo-768x964.png 768w, https:\/\/italytrips.it\/wp-content\/uploads\/2024\/07\/ItalyTrips_Logo-600x753.png 600w, https:\/\/italytrips.it\/wp-content\/uploads\/2024\/07\/ItalyTrips_Logo-239x300.png 239w, https:\/\/italytrips.it\/wp-content\/uploads\/2024\/07\/ItalyTrips_Logo-816x1024.png 816w, https:\/\/italytrips.it\/wp-content\/uploads\/2024\/07\/ItalyTrips_Logo.png 858w\" sizes=\"(max-width: 768px) 100vw, 768px\" \/>\t\t\t\t\t\t\t\t\t\t\t\t\t\t\t<\/div>\n\t\t\t\t<\/div>\n\t\t\t\t<\/div>\n\t\t\t\t\t<\/div>\n\t\t\t\t<\/div>\n\t\t\t\t<\/div>","protected":false},"excerpt":{"rendered":"<p>Benvenuti su ItalyTrips Chi Siamo: ItalyTrips \u00e8 un&#8217;agenzia di viaggi e tour operator specializzata nell&#8217;offrire esperienze uniche e indimenticabili in Italia. Con una profonda conoscenza del territorio e una passione per la cultura italiana, ci dedichiamo a creare itinerari personalizzati che permettono ai nostri clienti di scoprire il meglio del Bel Paese. \u00a0 Cosa Facciamo: [&hellip;]<\/p>","protected":false},"author":1,"featured_media":0,"parent":0,"menu_order":0,"comment_status":"closed","ping_status":"closed","template":"","meta":{"_price":"","_stock":"","_tribe_ticket_header":"","_tribe_default_ticket_provider":"","_tribe_ticket_capacity":"0","_ticket_start_date":"","_ticket_end_date":"","_tribe_ticket_show_description":"","_tribe_ticket_show_not_going":false,"_tribe_ticket_use_global_stock":"","_tribe_ticket_global_stock_level":"","_global_stock_mode":"","_global_stock_cap":"","_tribe_rsvp_for_event":"","_tribe_ticket_going_count":"","_tribe_ticket_not_going_count":"","_tribe_tickets_list":"[]","_tribe_ticket_has_attendee_info_fields":false,"footnotes":"","_tec_slr_enabled":"","_tec_slr_layout":""},"class_list":["post-640","page","type-page","status-publish","hentry"],"ticketed":false,"_links":{"self":[{"href":"https:\/\/italytrips.it\/pl\/wp-json\/wp\/v2\/pages\/640","targetHints":{"allow":["GET"]}}],"collection":[{"href":"https:\/\/italytrips.it\/pl\/wp-json\/wp\/v2\/pages"}],"about":[{"href":"https:\/\/italytrips.it\/pl\/wp-json\/wp\/v2\/types\/page"}],"author":[{"embeddable":true,"href":"https:\/\/italytrips.it\/pl\/wp-json\/wp\/v2\/users\/1"}],"replies":[{"embeddable":true,"href":"https:\/\/italytrips.it\/pl\/wp-json\/wp\/v2\/comments?post=640"}],"version-history":[{"count":19,"href":"https:\/\/italytrips.it\/pl\/wp-json\/wp\/v2\/pages\/640\/revisions"}],"predecessor-version":[{"id":672,"href":"https:\/\/italytrips.it\/pl\/wp-json\/wp\/v2\/pages\/640\/revisions\/672"}],"wp:attachment":[{"href":"https:\/\/italytrips.it\/pl\/wp-json\/wp\/v2\/media?parent=640"}],"curies":[{"name":"wp","href":"https:\/\/api.w.org\/{rel}","templated":true}]}}