{"id":696,"date":"2024-07-31T17:42:00","date_gmt":"2024-07-31T15:42:00","guid":{"rendered":"https:\/\/italytrips.it\/?page_id=696"},"modified":"2024-07-31T17:45:45","modified_gmt":"2024-07-31T15:45:45","slug":"termini-di-uso","status":"publish","type":"page","link":"https:\/\/italytrips.it\/pl\/termini-di-uso\/","title":{"rendered":"Warunki korzystania"},"content":{"rendered":"<div data-elementor-type=\"wp-page\" data-elementor-id=\"696\" class=\"elementor elementor-696\" data-elementor-post-type=\"page\">\n\t\t\t\t<div class=\"elementor-element elementor-element-7acdeea e-flex e-con-boxed e-con e-parent\" data-id=\"7acdeea\" data-element_type=\"container\">\n\t\t\t\t\t<div class=\"e-con-inner\">\n\t\t\t\t<div class=\"elementor-element elementor-element-c0559fe elementor-widget elementor-widget-text-editor\" data-id=\"c0559fe\" data-element_type=\"widget\" data-widget_type=\"text-editor.default\">\n\t\t\t\t<div class=\"elementor-widget-container\">\n\t\t\t\t\t\t\t\t\t<p>Warunki korzystania z us\u0142ugi zakupu wycieczek na ItalyTrips.it<br><\/p>\t\t\t\t\t\t\t\t<\/div>\n\t\t\t\t<\/div>\n\t\t\t\t<div class=\"elementor-element elementor-element-1d35655 elementor-widget elementor-widget-text-editor\" data-id=\"1d35655\" data-element_type=\"widget\" data-widget_type=\"text-editor.default\">\n\t\t\t\t<div class=\"elementor-widget-container\">\n\t\t\t\t\t\t\t\t\t<p><strong>Spo\u0142ecze\u0144stwo: <\/strong>W\u0142ochy Trip srl<br \/>Numer VAT: 07371110482<br \/>REA: FI \u2013 698837<br \/>Adres siedziby: Florencja (FI) Via Pasquale Villari 7 CAP 50136<br \/>E-mail: <a rel=\"noreferrer\">info@italytrips.it<\/a><br \/>Telefon: +39327 611 4697<br \/>Mened\u017cer biznesowy: Zghondi Maher<\/p><h3>1. Wprowadzenie<\/h3><p>Witamy na stronie ItalyTrips.it. Korzystaj\u0105c z naszej strony internetowej w celu zakupu naszych wycieczek, wyra\u017casz zgod\u0119 na poni\u017csze Warunki u\u017cytkowania. Przed skorzystaniem z naszych us\u0142ug prosimy o uwa\u017cne zapoznanie si\u0119 z niniejszymi warunkami.<\/p><h3>2. Definicje<\/h3><ul><li><strong>&quot;Praca&quot;<\/strong> odnosi si\u0119 do wycieczek oferowanych przez Italy Trip srls za po\u015brednictwem strony internetowej ItalyTrips.it.<\/li><li><strong>&quot;U\u017cytkownik&quot;<\/strong> oznacza ka\u017cd\u0105 osob\u0119 fizyczn\u0105 lub prawn\u0105, kt\u00f3ra korzysta z Witryny w celu zakupu Wycieczki.<\/li><li><strong>&quot;Umowa&quot;<\/strong> odnosi si\u0119 do umowy prawnej pomi\u0119dzy Italy Trip srls a U\u017cytkownikiem dotycz\u0105cej zakupu wycieczek.<\/li><\/ul><h3>3. Akceptacja Regulaminu<\/h3><p>Korzystaj\u0105c ze strony internetowej i kupuj\u0105c nasze wycieczki, wyra\u017casz zgod\u0119 na przestrzeganie niniejszych Warunk\u00f3w u\u017cytkowania. Je\u015bli nie akceptujesz tych warunk\u00f3w, prosimy nie korzysta\u0107 z naszych us\u0142ug.<\/p><h3>4. Zmiany Regulaminu<\/h3><p>Italy Trip srls zastrzega sobie prawo do zmiany niniejszych Warunk\u00f3w u\u017cytkowania w dowolnym momencie. Zmiany b\u0119d\u0105 obowi\u0105zywa\u0107 od chwili ich opublikowania na stronie internetowej. U\u017cytkownik jest odpowiedzialny za okresowe sprawdzanie Warunk\u00f3w korzystania pod k\u0105tem aktualizacji.<\/p><h3>5. Oferowane us\u0142ugi<\/h3><p>Firma Italy Trip srls oferuje r\u00f3\u017cnorodne wycieczki z przewodnikiem po W\u0142oszech. Szczeg\u00f3\u0142owe informacje na temat ka\u017cdej wycieczki, w tym ceny, czas trwania i plan podr\u00f3\u017cy, s\u0105 dost\u0119pne na stronie internetowej.<\/p><h3>6. Rezerwacje i p\u0142atno\u015bci<\/h3><ul><li>Rezerwacji mo\u017cna dokona\u0107 za po\u015brednictwem strony internetowej ItalyTrips.it.<\/li><li>P\u0142atno\u015bci za wycieczki nale\u017cy dokona\u0107 w momencie rezerwacji.<\/li><li>Ceny podane na stronie zawieraj\u0105 podatek VAT oraz wszelkie obowi\u0105zuj\u0105ce podatki.<\/li><\/ul><h3>7. Zasady anulowania<\/h3><ul><li>Anulowanie nale\u017cy zg\u0142osi\u0107 e-mailem na adres <a rel=\"noreferrer\">info@italytrips.it<\/a>.<\/li><li>Anulowanie dokonane co najmniej 48 godzin przed godzin\u0105 rozpocz\u0119cia wycieczki podlega pe\u0142nemu zwrotowi koszt\u00f3w.<\/li><li>Anulacje dokonane z wyprzedzeniem kr\u00f3tszym ni\u017c 48 godzin nie podlegaj\u0105 zwrotowi.<\/li><\/ul><h3>8. Obowi\u0105zki u\u017cytkownika<\/h3><p>Jeste\u015b odpowiedzialny za podanie dok\u0142adnych informacji podczas procesu rezerwacji. Italy Trip srls nie ponosi odpowiedzialno\u015bci za niedogodno\u015bci spowodowane podaniem przez U\u017cytkownika b\u0142\u0119dnych informacji.<\/p><h3>9. Ograniczenie odpowiedzialno\u015bci<\/h3><p>Firma Italy Trip srls nie ponosi odpowiedzialno\u015bci za jakiekolwiek szkody bezpo\u015brednie, po\u015brednie, przypadkowe, wynikowe lub karne wynikaj\u0105ce z korzystania z naszych us\u0142ug, z wyj\u0105tkiem przypadk\u00f3w umy\u015blnego dzia\u0142ania lub ra\u017c\u0105cego zaniedbania.<\/p><h3>10. W\u0142asno\u015b\u0107 intelektualna<\/h3><p>Ca\u0142a zawarto\u015b\u0107 witryny internetowej ItalyTrips.it, w tym teksty, obrazy i znaki towarowe, jest w\u0142asno\u015bci\u0105 firmy Italy Trip srls i jest chroniona prawem autorskim i prawem dotycz\u0105cym znak\u00f3w towarowych.<\/p><h3>11. Obowi\u0105zuj\u0105ce prawo<\/h3><p>Niniejsze Warunki u\u017cytkowania podlegaj\u0105 prawu w\u0142oskiemu i s\u0105 interpretowane zgodnie z nim. Wszelkie spory wynikaj\u0105ce z niniejszych Warunk\u00f3w b\u0119d\u0105 podlega\u0107 wy\u0142\u0105cznej jurysdykcji s\u0105d\u00f3w we Florencji.<\/p><h3>12. Kontakty<\/h3><p>W przypadku jakichkolwiek pyta\u0144 lub pr\u00f3\u015bb o wsparcie U\u017cytkownik mo\u017ce skontaktowa\u0107 si\u0119 z Italy Trip srls, korzystaj\u0105c z nast\u0119puj\u0105cych danych kontaktowych:<\/p><ul><li>E-mail: <a rel=\"noreferrer\">info@italytrips.it<\/a><\/li><li>Telefon: +39327 611 4697<\/li><\/ul><p>\u00a0<\/p><p>\u00a0<\/p><hr \/><p>\u00a0<\/p><p><strong>W\u0142ochy Trip srl<\/strong> dzi\u0119kujemy za wybranie naszych us\u0142ug i \u017cyczymy wszystkim swoim klientom niezapomnianych wra\u017ce\u0144 we W\u0142oszech.<\/p>\t\t\t\t\t\t\t\t<\/div>\n\t\t\t\t<\/div>\n\t\t\t\t\t<\/div>\n\t\t\t\t<\/div>\n\t\t\t\t<\/div>","protected":false},"excerpt":{"rendered":"<p>Warunki korzystania z us\u0142ug zakupu wycieczek na ItalyTrips.it Firma: Italy Trip srls, NIP: 07371110482, REA: FI \u2013 698837, Adres siedziby: Florencja (FI), Via Pasquale Villari 7 CAP 50136, E-mail: info@italytrips.it, Telefon: +39 327 611 4697, Kierownik: Zghondi Maher 1. Wprowadzenie Witamy w ItalyTrips.it. Korzystaj\u0105c z naszej strony internetowej w celu zakupu wycieczek, akceptujesz nast\u0119puj\u0105ce Warunki [\u2026]<\/p>","protected":false},"author":1,"featured_media":0,"parent":0,"menu_order":0,"comment_status":"closed","ping_status":"closed","template":"","meta":{"_price":"","_stock":"","_tribe_ticket_header":"","_tribe_default_ticket_provider":"","_tribe_ticket_capacity":"0","_ticket_start_date":"","_ticket_end_date":"","_tribe_ticket_show_description":"","_tribe_ticket_show_not_going":false,"_tribe_ticket_use_global_stock":"","_tribe_ticket_global_stock_level":"","_global_stock_mode":"","_global_stock_cap":"","_tribe_rsvp_for_event":"","_tribe_ticket_going_count":"","_tribe_ticket_not_going_count":"","_tribe_tickets_list":"[]","_tribe_ticket_has_attendee_info_fields":false,"footnotes":"","_tec_slr_enabled":"","_tec_slr_layout":""},"class_list":["post-696","page","type-page","status-publish","hentry"],"ticketed":false,"_links":{"self":[{"href":"https:\/\/italytrips.it\/pl\/wp-json\/wp\/v2\/pages\/696","targetHints":{"allow":["GET"]}}],"collection":[{"href":"https:\/\/italytrips.it\/pl\/wp-json\/wp\/v2\/pages"}],"about":[{"href":"https:\/\/italytrips.it\/pl\/wp-json\/wp\/v2\/types\/page"}],"author":[{"embeddable":true,"href":"https:\/\/italytrips.it\/pl\/wp-json\/wp\/v2\/users\/1"}],"replies":[{"embeddable":true,"href":"https:\/\/italytrips.it\/pl\/wp-json\/wp\/v2\/comments?post=696"}],"version-history":[{"count":7,"href":"https:\/\/italytrips.it\/pl\/wp-json\/wp\/v2\/pages\/696\/revisions"}],"predecessor-version":[{"id":703,"href":"https:\/\/italytrips.it\/pl\/wp-json\/wp\/v2\/pages\/696\/revisions\/703"}],"wp:attachment":[{"href":"https:\/\/italytrips.it\/pl\/wp-json\/wp\/v2\/media?parent=696"}],"curies":[{"name":"wp","href":"https:\/\/api.w.org\/{rel}","templated":true}]}}