{"id":705,"date":"2024-07-31T17:52:43","date_gmt":"2024-07-31T15:52:43","guid":{"rendered":"https:\/\/italytrips.it\/dichiarazione-sulla-privacy-ue\/"},"modified":"2024-07-31T17:52:43","modified_gmt":"2024-07-31T15:52:43","slug":"dichiarazione-sulla-privacy-ue","status":"publish","type":"page","link":"https:\/\/italytrips.it\/pl\/dichiarazione-sulla-privacy-ue\/","title":{"rendered":"O\u015bwiadczenie o ochronie prywatno\u015bci (UE)"},"content":{"rendered":"<!-- Legal document generated by Complianz | GDPR\/CCPA Cookie Consent https:\/\/wordpress.org\/plugins\/complianz-gdpr -->\n<div id=\"cmplz-document\" class=\"cmplz-document privacy-statement cmplz-document-eu\"><p><i>Niniejsza polityka prywatno\u015bci zosta\u0142a ostatnio zaktualizowana 10 stycznia 2024 r. i dotyczy obywateli oraz sta\u0142ych rezydent\u00f3w Europejskiego Obszaru Gospodarczego i Szwajcarii.<\/i><br \/><br \/><\/p><p><p>W niniejszej polityce prywatno\u015bci wyja\u015bniamy, co robimy z danymi, kt\u00f3re o Tobie uzyskali\u015bmy za po\u015brednictwem <a href=\"https:\/\/italytrips.it\/pl\">https:\/\/italytrips.it\/pl<\/a>Zalecamy uwa\u017cne zapoznanie si\u0119 z niniejszym o\u015bwiadczeniem. W naszym procesie przetwarzania danych przestrzegamy wymog\u00f3w przepis\u00f3w o ochronie prywatno\u015bci. Oznacza to mi\u0119dzy innymi, \u017ce:<\/p><ul>\n                <li>Jasno okre\u015blamy cele, dla kt\u00f3rych przetwarzamy dane osobowe. Robimy to za po\u015brednictwem niniejszej polityki prywatno\u015bci;<\/li>\n                <li>naszym celem jest ograniczenie gromadzenia danych osobowych wy\u0142\u0105cznie do danych osobowych niezb\u0119dnych do realizacji uzasadnionych cel\u00f3w;<\/li>\n                <li>w przypadkach wymagaj\u0105cych Twojej zgody na przetwarzanie Twoich danych osobowych prosimy najpierw o wyra\u017an\u0105 zgod\u0119;<\/li>\n                <li>podejmujemy odpowiednie \u015brodki bezpiecze\u0144stwa w celu ochrony Twoich danych osobowych i wymagamy tego r\u00f3wnie\u017c od podmiot\u00f3w przetwarzaj\u0105cych dane osobowe w naszym imieniu;<\/li>\n                <li>Szanujemy Twoje prawo do wgl\u0105du do Twoich danych osobowych oraz ich poprawiania lub usuwania na Twoje \u017c\u0105danie.<\/li>\n            <\/ul><p>Je\u015bli masz jakiekolwiek pytania lub chcesz wiedzie\u0107, jakie dok\u0142adnie dane na Tw\u00f3j temat przechowujemy, skontaktuj si\u0119 z nami.<\/p><\/p><h2>1. Cel, dane i okres przechowywania<\/h2>Mo\u017cemy gromadzi\u0107 lub otrzymywa\u0107 dane osobowe w r\u00f3\u017cnych celach zwi\u0105zanych z nasz\u0105 dzia\u0142alno\u015bci\u0105 gospodarcz\u0105, w tym m.in.: (kliknij, aby rozwin\u0105\u0107)<details class=\"cmplz-dropdown dropdown-privacy-statement\"><summary><div><h3>1.1 Kontakt \u2013 przez telefon, poczt\u0119, e-mail i\/lub formularze internetowe<\/h3><\/div><\/summary><p class=\"cmplz-subtitle\">W tym celu wykorzystujemy nast\u0119puj\u0105ce dane:<\/p><p><ul><li>Imi\u0119 i nazwisko<\/li><li>Adres e-mail<\/li><li>Numer telefonu<\/li><\/ul><\/p><p class=\"cmplz-subtitle\">Podstaw\u0105, na kt\u00f3rej mo\u017cemy przetwarza\u0107 te dane, jest:<\/p><p><a target=\"_blank\" rel=\"noopener noreferrer nofollow\" href=\"https:\/\/cookiedatabase.org\/legal-bases\/#consent\">Po wyra\u017ceniu zgody.<\/a><\/p><p class=\"cmplz-subtitle\">Okres przechowywania<\/p><p>Dane te przechowujemy do momentu zako\u0144czenia \u015bwiadczenia us\u0142ugi.<\/p><\/details><details class=\"cmplz-dropdown dropdown-privacy-statement\"><summary><div><h3>1.2 P\u0142atno\u015bci<\/h3><\/div><\/summary><p class=\"cmplz-subtitle\">W tym celu wykorzystujemy nast\u0119puj\u0105ce dane:<\/p><p><ul><li>Imi\u0119 i nazwisko<\/li><li>Adres e-mail<\/li><li>Numer telefonu<\/li><\/ul><\/p><p class=\"cmplz-subtitle\">Podstaw\u0105, na kt\u00f3rej mo\u017cemy przetwarza\u0107 te dane, jest:<\/p><p><a target=\"_blank\" rel=\"noopener noreferrer nofollow\" href=\"https:\/\/cookiedatabase.org\/legal-bases\/#consent\">Po wyra\u017ceniu zgody.<\/a><\/p><p class=\"cmplz-subtitle\">Okres przechowywania<\/p><p>Dane te przechowujemy do momentu zako\u0144czenia \u015bwiadczenia us\u0142ugi.<\/p><\/details><h2>2. Pliki cookie<\/h2><p>Nasza strona internetowa wykorzystuje pliki cookie. Wi\u0119cej informacji na temat plik\u00f3w cookie znajdziesz na naszej stronie. <a href=\"https:\/\/italytrips.it\/pl\/cookie-policy-ue\/\">Polityka Cookie<\/a>.&nbsp;<\/p><h2>3. Praktyki ujawniania informacji<\/h2><p><p>Ujawniamy dane osobowe, je\u015bli wymaga tego od nas prawo lub nakaz s\u0105dowy, w odpowiedzi na \u017c\u0105danie organ\u00f3w \u015bcigania, w zakresie dozwolonym na podstawie innych przepis\u00f3w prawa, w celu udzielenia informacji lub w celu przeprowadzenia dochodzenia w sprawie zwi\u0105zanej z bezpiecze\u0144stwem publicznym.<\/p><p>Je\u015bli nasza strona internetowa lub organizacja zostanie przej\u0119ta, sprzedana lub b\u0119dzie przedmiotem fuzji lub przej\u0119cia, Twoje dane mog\u0105 zosta\u0107 ujawnione naszym doradcom i potencjalnym nabywcom, a tak\u017ce przekazane nowym w\u0142a\u015bcicielom.<\/p><\/p><p>Zawarli\u015bmy umow\u0119 o przetwarzaniu danych z Google.<\/p><h2>4. Bezpiecze\u0144stwo<\/h2><p>Dbamy o bezpiecze\u0144stwo danych osobowych. Podejmujemy odpowiednie \u015brodki bezpiecze\u0144stwa, aby ograniczy\u0107 nadu\u017cycia i nieautoryzowany dost\u0119p do danych osobowych. Dzi\u0119ki temu dost\u0119p do Twoich danych maj\u0105 wy\u0142\u0105cznie osoby do tego uprawnione, dost\u0119p do danych jest chroniony, a nasze \u015brodki bezpiecze\u0144stwa s\u0105 regularnie weryfikowane.<\/p><h2>5. Strony internetowe os\u00f3b trzecich<\/h2><p>Niniejsza polityka prywatno\u015bci nie ma zastosowania do stron internetowych os\u00f3b trzecich, do kt\u00f3rych linki znajduj\u0105 si\u0119 na naszej stronie internetowej. Nie mo\u017cemy zagwarantowa\u0107, \u017ce te osoby trzecie przetwarzaj\u0105 Twoje dane osobowe w spos\u00f3b niezawodny i bezpieczny. Zalecamy zapoznanie si\u0119 z polityk\u0105 prywatno\u015bci tych stron internetowych przed rozpocz\u0119ciem korzystania z nich.<\/p><h2>6. Zmiany w niniejszej polityce prywatno\u015bci<\/h2><p>Zastrzegamy sobie prawo do wprowadzania zmian w niniejszej polityce prywatno\u015bci. Zalecamy regularne zapoznawanie si\u0119 z niniejsz\u0105 polityk\u0105 prywatno\u015bci, aby by\u0107 na bie\u017c\u0105co ze zmianami. Ponadto b\u0119dziemy Ci\u0119 o tym aktywnie informowa\u0107, gdy tylko b\u0119dzie to mo\u017cliwe.<\/p><h2>7. Dost\u0119p do danych i ich modyfikacja<\/h2><p>Je\u015bli masz jakiekolwiek pytania lub chcesz dowiedzie\u0107 si\u0119, jakie dane osobowe na Tw\u00f3j temat posiadamy, skontaktuj si\u0119 z nami. Mo\u017cesz si\u0119 z nami skontaktowa\u0107, korzystaj\u0105c z poni\u017cszych informacji. Przys\u0142uguj\u0105 Ci nast\u0119puj\u0105ce prawa:<\/p><ul>\n                <li>Masz prawo wiedzie\u0107, dlaczego Twoje dane osobowe s\u0105 potrzebne, co si\u0119 z nimi stanie i jak d\u0142ugo b\u0119d\u0105 przechowywane.<\/li>\n                <li>Prawo dost\u0119pu: Masz prawo dost\u0119pu do swoich danych osobowych, kt\u00f3re s\u0105 nam znane.<\/li>\n                <li>Prawo do sprostowania: masz prawo do uzupe\u0142niania, poprawiania, usuwania lub blokowania swoich danych osobowych w ka\u017cdej chwili.<\/li>\n                <li>Je\u017celi wyrazi\u0142e\u015b zgod\u0119 na przetwarzanie Twoich danych, masz prawo j\u0105 odwo\u0142a\u0107 i za\u017c\u0105da\u0107 usuni\u0119cia swoich danych osobowych.<\/li>\n                <li>Prawo do przenoszenia danych: masz prawo za\u017c\u0105da\u0107 od administratora wszystkich swoich danych osobowych, a tak\u017ce przenie\u015b\u0107 je w ca\u0142o\u015bci do innego administratora.<\/li>\n                <li>Prawo do sprzeciwu: mo\u017cesz sprzeciwi\u0107 si\u0119 przetwarzaniu Twoich danych. Stosujemy si\u0119 do tego, chyba \u017ce istniej\u0105 uzasadnione podstawy przetwarzania.<\/li>\n            <\/ul><p>Pami\u0119taj, aby zawsze wyra\u017anie podawa\u0107 swoj\u0105 to\u017csamo\u015b\u0107, dzi\u0119ki temu b\u0119dziemy mie\u0107 pewno\u015b\u0107, \u017ce nie zmodyfikujemy ani nie usuniemy danych niew\u0142a\u015bciwej osoby.<\/p><h2>8. Sk\u0142adanie reklamacji<\/h2><p>Je\u017celi nie jeste\u015b zadowolony ze sposobu, w jaki rozpatrzyli\u015bmy (skarg\u0119 dotycz\u0105c\u0105) przetwarzania Twoich danych osobowych, masz prawo z\u0142o\u017cy\u0107 skarg\u0119 do Urz\u0119du Ochrony Danych Osobowych.<\/p><h2>9. Dane kontaktowe<\/h2><p>ITALYTRIPS jest znakiem towarowym MARIO CITY TOUR FLORENCE DI ZGHONDI MAHER<br \/>\n        VICOLO DEI PINOZZI 7, 50136 Florencja (FI)<br \/>\n        W\u0142ochy<br \/>\n        Strona internetowa: <a href=\"https:\/\/italytrips.it\/pl\">https:\/\/italytrips.it\/pl<\/a> <br \/>\n        Email: in&#102;o&#064;ita&#108;y&#116;&#114;&#105;&#112;&#115;&#046;&#105;t <br \/>\n        Numer telefonu: +39 327 611 4697<\/p><\/div>","protected":false},"excerpt":{"rendered":"","protected":false},"author":1,"featured_media":0,"parent":0,"menu_order":0,"comment_status":"closed","ping_status":"closed","template":"","meta":{"_price":"","_stock":"","_tribe_ticket_header":"","_tribe_default_ticket_provider":"","_tribe_ticket_capacity":"0","_ticket_start_date":"","_ticket_end_date":"","_tribe_ticket_show_description":"","_tribe_ticket_show_not_going":false,"_tribe_ticket_use_global_stock":"","_tribe_ticket_global_stock_level":"","_global_stock_mode":"","_global_stock_cap":"","_tribe_rsvp_for_event":"","_tribe_ticket_going_count":"","_tribe_ticket_not_going_count":"","_tribe_tickets_list":"[]","_tribe_ticket_has_attendee_info_fields":false,"footnotes":"","_tec_slr_enabled":"","_tec_slr_layout":""},"class_list":["post-705","page","type-page","status-publish","hentry"],"ticketed":false,"_links":{"self":[{"href":"https:\/\/italytrips.it\/pl\/wp-json\/wp\/v2\/pages\/705","targetHints":{"allow":["GET"]}}],"collection":[{"href":"https:\/\/italytrips.it\/pl\/wp-json\/wp\/v2\/pages"}],"about":[{"href":"https:\/\/italytrips.it\/pl\/wp-json\/wp\/v2\/types\/page"}],"author":[{"embeddable":true,"href":"https:\/\/italytrips.it\/pl\/wp-json\/wp\/v2\/users\/1"}],"replies":[{"embeddable":true,"href":"https:\/\/italytrips.it\/pl\/wp-json\/wp\/v2\/comments?post=705"}],"version-history":[{"count":0,"href":"https:\/\/italytrips.it\/pl\/wp-json\/wp\/v2\/pages\/705\/revisions"}],"wp:attachment":[{"href":"https:\/\/italytrips.it\/pl\/wp-json\/wp\/v2\/media?parent=705"}],"curies":[{"name":"wp","href":"https:\/\/api.w.org\/{rel}","templated":true}]}}