{"id":718,"date":"2024-07-31T17:52:43","date_gmt":"2024-07-31T15:52:43","guid":{"rendered":"https:\/\/italytrips.it\/imprint\/"},"modified":"2024-07-31T18:00:41","modified_gmt":"2024-07-31T16:00:41","slug":"imprint","status":"publish","type":"page","link":"https:\/\/italytrips.it\/pl\/imprint\/","title":{"rendered":"Odcisk"},"content":{"rendered":"<!-- Legal document generated by Complianz | GDPR\/CCPA Cookie Consent https:\/\/wordpress.org\/plugins\/complianz-gdpr -->\n<div id=\"cmplz-document\" class=\"cmplz-document impressum cmplz-document-all\"><p><i>This imprint was last updated on 10 grudzie\u0144 2024.<\/i><\/p><p class=\"cmplz-subtitle\">W\u0142a\u015bcicielem tej witryny jest:<\/p><p>ITALYTRIPS jest znakiem towarowym MARIO CITY TOUR FLORENCE DI ZGHONDI MAHER z<br>VICOLO DEI PINOZZI 7, 50136 Florencja (FI)<br>W\u0142ochy<br>Email:&nbsp;&#105;&#110;fo&#064;&#105;&#116;&#097;&#108;&#121;t&#114;&#105;ps.&#105;&#116;<br>Numer telefonu: +39 327 611 4697<br>NIP: IT07299510482<\/p><p class=\"cmplz-subtitle\">Przedstawiciel(e) prawni ITALYTRIPS jest znakiem towarowym MARIO CITY TOUR FLORENCE DI ZGHONDI MAHER z:<\/p><p>ZGHONDI MAHER<\/p><h2>1. Og\u00f3lne<\/h2><p class=\"cmplz-subtitle\">1.1 Jeste\u015bmy zarejestrowani w FI - 693882 na podstawie licencji lub numeru rejestracyjnego:<\/p><p><\/p><p>Jeste\u015bmy sk\u0142onni lub zobowi\u0105zani do uczestniczenia w procedurze rozstrzygania spor\u00f3w przed konsumenck\u0105 rad\u0105 arbitra\u017cow\u0105.<\/p><h2>2. Podanie poni\u017cszych informacji jest obowi\u0105zkowe zgodnie z prawem niemieckim.<\/h2><p class=\"cmplz-subtitle\">2.1 Die Eigentumsanteile der Gesellschaft (Aktienkapital), die von ihr ausgegeben wurden:<\/p><p>100<\/p><\/div>\n\n\n<div style=\"height:100px\" aria-hidden=\"true\" class=\"wp-block-spacer\"><\/div>","protected":false},"excerpt":{"rendered":"","protected":false},"author":1,"featured_media":0,"parent":0,"menu_order":0,"comment_status":"closed","ping_status":"closed","template":"","meta":{"_price":"","_stock":"","_tribe_ticket_header":"","_tribe_default_ticket_provider":"","_tribe_ticket_capacity":"0","_ticket_start_date":"","_ticket_end_date":"","_tribe_ticket_show_description":"","_tribe_ticket_show_not_going":false,"_tribe_ticket_use_global_stock":"","_tribe_ticket_global_stock_level":"","_global_stock_mode":"","_global_stock_cap":"","_tribe_rsvp_for_event":"","_tribe_ticket_going_count":"","_tribe_ticket_not_going_count":"","_tribe_tickets_list":"[]","_tribe_ticket_has_attendee_info_fields":false,"footnotes":"","_tec_slr_enabled":"","_tec_slr_layout":""},"class_list":["post-718","page","type-page","status-publish","hentry"],"ticketed":false,"_links":{"self":[{"href":"https:\/\/italytrips.it\/pl\/wp-json\/wp\/v2\/pages\/718","targetHints":{"allow":["GET"]}}],"collection":[{"href":"https:\/\/italytrips.it\/pl\/wp-json\/wp\/v2\/pages"}],"about":[{"href":"https:\/\/italytrips.it\/pl\/wp-json\/wp\/v2\/types\/page"}],"author":[{"embeddable":true,"href":"https:\/\/italytrips.it\/pl\/wp-json\/wp\/v2\/users\/1"}],"replies":[{"embeddable":true,"href":"https:\/\/italytrips.it\/pl\/wp-json\/wp\/v2\/comments?post=718"}],"version-history":[{"count":1,"href":"https:\/\/italytrips.it\/pl\/wp-json\/wp\/v2\/pages\/718\/revisions"}],"predecessor-version":[{"id":728,"href":"https:\/\/italytrips.it\/pl\/wp-json\/wp\/v2\/pages\/718\/revisions\/728"}],"wp:attachment":[{"href":"https:\/\/italytrips.it\/pl\/wp-json\/wp\/v2\/media?parent=718"}],"curies":[{"name":"wp","href":"https:\/\/api.w.org\/{rel}","templated":true}]}}