{"id":719,"date":"2024-07-31T17:52:43","date_gmt":"2024-07-31T15:52:43","guid":{"rendered":"https:\/\/italytrips.it\/disconoscimento\/"},"modified":"2024-07-31T17:52:43","modified_gmt":"2024-07-31T15:52:43","slug":"disconoscimento","status":"publish","type":"page","link":"https:\/\/italytrips.it\/pl\/disconoscimento\/","title":{"rendered":"Zastrze\u017cenie"},"content":{"rendered":"<!-- Legal document generated by Complianz | GDPR\/CCPA Cookie Consent https:\/\/wordpress.org\/plugins\/complianz-gdpr -->\n<div id=\"cmplz-document\" class=\"cmplz-document disclaimer cmplz-document-all\"><p>ITALYTRIPS \u00e8 un marchio di MARIO CITY TOUR FLORENCE DI ZGHONDI MAHER is committed to keeping this website up to date and accurate. Should you nevertheless encounter anything that is incorrect or out of date, we would appreciate it if you could let us know. Please indicate where on the website you read the information. We will then look at this as soon as possible. Please send your response by email to: &#105;&#110;fo&#064;&#105;&#116;&#097;l&#121;&#116;&#114;&#105;ps&#046;it.<\/p><p>Nie ponosimy odpowiedzialno\u015bci za straty wynikaj\u0105ce z nie\u015bcis\u0142o\u015bci lub niekompletno\u015bci, ani za straty wynikaj\u0105ce z problem\u00f3w spowodowanych lub nieod\u0142\u0105cznie zwi\u0105zanych z rozpowszechnianiem informacji za po\u015brednictwem Internetu, takich jak zak\u0142\u00f3cenia lub przerwy. Podczas korzystania z formularzy internetowych staramy si\u0119 ograniczy\u0107 liczb\u0119 wymaganych p\u00f3l do minimum. ITALYTRIPS, b\u0119d\u0105cy znakiem towarowym MARIO CITY TOUR FLORENCE DI ZGHONDI MAHER, nie ponosi odpowiedzialno\u015bci za jakiekolwiek straty poniesione w wyniku wykorzystania danych, porad lub pomys\u0142\u00f3w udost\u0119pnionych przez lub w imieniu ITALYTRIPS, b\u0119d\u0105cego znakiem towarowym MARIO CITY TOUR FLORENCE DI ZGHONDI MAHER, za po\u015brednictwem niniejszej strony internetowej.<\/p><p>Korzystanie ze strony internetowej i wszystkich jej element\u00f3w (w tym for\u00f3w) podlega <a href=\"https:\/\/italytrips.it\/pl\/termini-di-uso\/\" target=\"_blank\">warunki u\u017cytkowania<\/a>Samo korzystanie z tej witryny internetowej oznacza znajomo\u015b\u0107 i akceptacj\u0119 niniejszych warunk\u00f3w u\u017cytkowania.<\/p><p>ITALYTRIPS jest znakiem towarowym firmy MARIO CITY TOUR FLORENCE DI ZGHONDI MAHER i do\u0142o\u017cy wszelkich stara\u0144, aby chroni\u0107 swoje systemy przed wszelkimi formami bezprawnego wykorzystania. ITALYTRIPS jest znakiem towarowym firmy MARIO CITY TOUR FLORENCE DI ZGHONDI MAHER i wdro\u017cy w tym celu odpowiednie \u015brodki techniczne i organizacyjne, uwzgl\u0119dniaj\u0105c mi\u0119dzy innymi stan techniki. Firma nie ponosi jednak odpowiedzialno\u015bci za jakiekolwiek straty, bezpo\u015brednie i\/lub po\u015brednie, poniesione przez u\u017cytkownika strony internetowej w wyniku bezprawnego wykorzystania jej system\u00f3w przez osoby trzecie.<\/p><p>ITALYTRIPS jest znakiem towarowym MARIO CITY TOUR FLORENCE DI ZGHONDI. MAHER nie ponosi odpowiedzialno\u015bci za tre\u015b\u0107 stron internetowych, do kt\u00f3rych lub z kt\u00f3rych prowadzi hiper\u0142\u0105cze lub inne odniesienie. Produkty lub us\u0142ugi oferowane przez strony trzecie podlegaj\u0105 obowi\u0105zuj\u0105cym warunkom tych stron trzecich.<\/p><p>Wszelkie prawa w\u0142asno\u015bci intelektualnej do tre\u015bci na tej stronie internetowej przys\u0142uguj\u0105 osobom trzecim, kt\u00f3re same umie\u015bci\u0142y t\u0119 tre\u015b\u0107 lub od kt\u00f3rych ITALYTRIPS jest znakiem towarowym MARIO CITY TOUR FLORENCE DI ZGHONDI MAHER uzyska\u0142 licencj\u0119 u\u017cytkownika.<\/p><p>Kopiowanie, rozpowszechnianie i jakiekolwiek inne wykorzystanie tych materia\u0142\u00f3w bez pisemnej zgody ITALYTRIPS jest znakiem towarowym MARIO CITY TOUR FLORENCE DI ZGHONDI MAHER, z wyj\u0105tkiem i tylko w zakresie okre\u015blonym w przepisach prawa bezwzgl\u0119dnie obowi\u0105zuj\u0105cego (takich jak prawo cytatu), chyba \u017ce konkretna tre\u015b\u0107 stanowi inaczej.<\/p><p>Je\u017celi maj\u0105 Pa\u0144stwo jakiekolwiek pytania lub problemy z dost\u0119pno\u015bci\u0105 strony internetowej, prosimy o kontakt.<\/p><\/div>","protected":false},"excerpt":{"rendered":"","protected":false},"author":1,"featured_media":0,"parent":0,"menu_order":0,"comment_status":"closed","ping_status":"closed","template":"","meta":{"_price":"","_stock":"","_tribe_ticket_header":"","_tribe_default_ticket_provider":"","_tribe_ticket_capacity":"0","_ticket_start_date":"","_ticket_end_date":"","_tribe_ticket_show_description":"","_tribe_ticket_show_not_going":false,"_tribe_ticket_use_global_stock":"","_tribe_ticket_global_stock_level":"","_global_stock_mode":"","_global_stock_cap":"","_tribe_rsvp_for_event":"","_tribe_ticket_going_count":"","_tribe_ticket_not_going_count":"","_tribe_tickets_list":"[]","_tribe_ticket_has_attendee_info_fields":false,"footnotes":"","_tec_slr_enabled":"","_tec_slr_layout":""},"class_list":["post-719","page","type-page","status-publish","hentry"],"ticketed":false,"_links":{"self":[{"href":"https:\/\/italytrips.it\/pl\/wp-json\/wp\/v2\/pages\/719","targetHints":{"allow":["GET"]}}],"collection":[{"href":"https:\/\/italytrips.it\/pl\/wp-json\/wp\/v2\/pages"}],"about":[{"href":"https:\/\/italytrips.it\/pl\/wp-json\/wp\/v2\/types\/page"}],"author":[{"embeddable":true,"href":"https:\/\/italytrips.it\/pl\/wp-json\/wp\/v2\/users\/1"}],"replies":[{"embeddable":true,"href":"https:\/\/italytrips.it\/pl\/wp-json\/wp\/v2\/comments?post=719"}],"version-history":[{"count":0,"href":"https:\/\/italytrips.it\/pl\/wp-json\/wp\/v2\/pages\/719\/revisions"}],"wp:attachment":[{"href":"https:\/\/italytrips.it\/pl\/wp-json\/wp\/v2\/media?parent=719"}],"curies":[{"name":"wp","href":"https:\/\/api.w.org\/{rel}","templated":true}]}}