{"id":640,"date":"2024-07-31T16:22:34","date_gmt":"2024-07-31T14:22:34","guid":{"rendered":"https:\/\/italytrips.it\/?page_id=640"},"modified":"2024-07-31T16:36:52","modified_gmt":"2024-07-31T14:36:52","slug":"chi-siamo","status":"publish","type":"page","link":"https:\/\/italytrips.it\/pt\/chi-siamo\/","title":{"rendered":"Quem n\u00f3s somos"},"content":{"rendered":"<div data-elementor-type=\"wp-page\" data-elementor-id=\"640\" class=\"elementor elementor-640\" data-elementor-post-type=\"page\">\n\t\t\t\t<div class=\"elementor-element elementor-element-f19a048 e-flex e-con-boxed e-con e-parent\" data-id=\"f19a048\" data-element_type=\"container\">\n\t\t\t\t\t<div class=\"e-con-inner\">\n\t\t<div class=\"elementor-element elementor-element-5d10452 e-con-full e-flex e-con e-child\" data-id=\"5d10452\" data-element_type=\"container\">\n\t\t\t\t<div class=\"elementor-element elementor-element-6a94d18 elementor-widget elementor-widget-text-editor\" data-id=\"6a94d18\" data-element_type=\"widget\" data-widget_type=\"text-editor.default\">\n\t\t\t\t<div class=\"elementor-widget-container\">\n\t\t\t\t\t\t\t\t\t<p>Bem-vindo \u00e0 It\u00e1liaTrips<\/p>\t\t\t\t\t\t\t\t<\/div>\n\t\t\t\t<\/div>\n\t\t\t\t<div class=\"elementor-element elementor-element-9d9b375 elementor-widget elementor-widget-text-editor\" data-id=\"9d9b375\" data-element_type=\"widget\" data-widget_type=\"text-editor.default\">\n\t\t\t\t<div class=\"elementor-widget-container\">\n\t\t\t\t\t\t\t\t\t<p><strong>Quem somos:<\/strong><\/p><p>ItalyTrips \u00e9 uma ag\u00eancia de viagens e operadora tur\u00edstica especializada em oferecer experi\u00eancias \u00fanicas e inesquec\u00edveis na It\u00e1lia. Com profundo conhecimento da regi\u00e3o e paix\u00e3o pela cultura italiana, nos dedicamos a criar roteiros personalizados que permitem aos nossos clientes descobrir o melhor do Bel Paese.<\/p><p>\u00a0<\/p><p><strong>O que fazemos:<\/strong><\/p><p>Organizamos uma ampla gama de visitas guiadas e experi\u00eancias personalizadas para cada tipo de viajante. Do cora\u00e7\u00e3o hist\u00f3rico de Floren\u00e7a \u00e0s maravilhas naturais de Cinque Terre, passando pelas cidades medievais da Toscana e pelos vibrantes mercados locais, cada um dos nossos passeios foi concebido para oferecer uma vis\u00e3o aut\u00eantica e envolvente da It\u00e1lia.\u00a0<span style=\"color: var( --e-global-color-text );\">Alguns de nossos passeios mais populares incluem:<\/span><\/p><ul><li><strong>Passeio Cl\u00e1ssico<\/strong>: Uma introdu\u00e7\u00e3o perfeita \u00e0s belezas hist\u00f3ricas de Floren\u00e7a.<\/li><li><strong>Grande Passeio<\/strong>: Explore ainda mais com uma vista panor\u00e2mica da Piazzale Michelangelo.<\/li><li><strong>Tour estendido<\/strong>: Conhe\u00e7a a Igreja de San Miniato al Monte e o Mercado Central.<\/li><li><strong>Passeio Dante<\/strong>: Siga os passos de Dante Alighieri por Floren\u00e7a.<\/li><li><strong>Tour de viagem pela It\u00e1lia (cidade)<\/strong>: Combine visitas culturais e compras de luxo.<\/li><li><strong>Passeio pela Toscana<\/strong>: Visite Chianti, San Gimignano, Siena, Monteriggioni e a propriedade Torciano.<\/li><li><strong>Passeio Pisa e Lucca<\/strong>: Explore as cidades hist\u00f3ricas de Pisa e Lucca.<\/li><li><strong>Excurs\u00e3o Cinque Terre<\/strong>: Admire as pitorescas aldeias de Cinque Terre.<\/li><\/ul><p><strong>\u00a0<\/strong><\/p><p><strong>Por que nos escolher:<\/strong><\/p><ol><li><p><strong>Experi\u00eancia e Conhecimento<\/strong>: Com anos de experi\u00eancia na ind\u00fastria do turismo, nossa equipe de especialistas conhece cada canto escondido e cada hist\u00f3ria fascinante da It\u00e1lia. Garantimos passeios bem planejados e gerenciados profissionalmente.<\/p><\/li><li><p><strong>Personaliza\u00e7\u00e3o<\/strong>: Cada viagem \u00e9 \u00fanica. Oferecemos roteiros personalizados para atender \u00e0s necessidades e desejos espec\u00edficos de cada cliente. Seja uma aventura rom\u00e2ntica, f\u00e9rias em fam\u00edlia ou uma viagem cultural, a ItalyTrips tem a solu\u00e7\u00e3o perfeita para voc\u00ea.<\/p><\/li><li><p><strong>Qualidade e Conforto<\/strong>: Utilizamos apenas fornecedores e servi\u00e7os de alta qualidade para garantir o m\u00e1ximo conforto e seguran\u00e7a durante os passeios. Nossos guias de \u00e1udio multil\u00edngues fornecem informa\u00e7\u00f5es detalhadas e envolventes em v\u00e1rios idiomas.<\/p><\/li><li><p><strong>Assist\u00eancia Dedicada<\/strong>: Nossa equipe est\u00e1 sempre \u00e0 disposi\u00e7\u00e3o para oferecer atendimento personalizado, tirar suas d\u00favidas e garantir que cada detalhe da sua viagem seja cuidado com perfei\u00e7\u00e3o.<\/p><\/li><li><p><strong>Experi\u00eancias Aut\u00eanticas<\/strong>: Estamos empenhados em proporcionar aos nossos clientes experi\u00eancias aut\u00eanticas, longe dos circuitos tur\u00edsticos de massa. Esteja voc\u00ea explorando uma vila medieval ou degustando vinhos em uma vin\u00edcola hist\u00f3rica, com a ItalyTrips voc\u00ea ter\u00e1 um gostinho genu\u00edno da It\u00e1lia.<\/p><\/li><\/ol><p><strong>\u00a0<\/strong><\/p><p><strong>Contate-nos:<\/strong><br \/>Estamos aqui para tornar o seu sonho italiano uma realidade. Contate-nos hoje para planejar sua pr\u00f3xima viagem com a ItalyTrips e prepare-se para viver uma experi\u00eancia inesquec\u00edvel!<\/p>\t\t\t\t\t\t\t\t<\/div>\n\t\t\t\t<\/div>\n\t\t\t\t<\/div>\n\t\t<div class=\"elementor-element elementor-element-067d9be e-con-full e-flex e-con e-child\" data-id=\"067d9be\" data-element_type=\"container\">\n\t\t\t\t<div class=\"elementor-element elementor-element-5bb57d8 elementor-widget elementor-widget-image\" data-id=\"5bb57d8\" data-element_type=\"widget\" data-widget_type=\"image.default\">\n\t\t\t\t<div class=\"elementor-widget-container\">\n\t\t\t\t\t\t\t\t\t\t\t\t\t\t\t<img fetchpriority=\"high\" decoding=\"async\" width=\"768\" height=\"964\" src=\"https:\/\/italytrips.it\/wp-content\/uploads\/2024\/07\/ItalyTrips_Logo-768x964.png\" class=\"attachment-medium_large size-medium_large wp-image-58\" alt=\"Italy Trips - Logo\" srcset=\"https:\/\/italytrips.it\/wp-content\/uploads\/2024\/07\/ItalyTrips_Logo-768x964.png 768w, https:\/\/italytrips.it\/wp-content\/uploads\/2024\/07\/ItalyTrips_Logo-600x753.png 600w, https:\/\/italytrips.it\/wp-content\/uploads\/2024\/07\/ItalyTrips_Logo-239x300.png 239w, https:\/\/italytrips.it\/wp-content\/uploads\/2024\/07\/ItalyTrips_Logo-816x1024.png 816w, https:\/\/italytrips.it\/wp-content\/uploads\/2024\/07\/ItalyTrips_Logo.png 858w\" sizes=\"(max-width: 768px) 100vw, 768px\" \/>\t\t\t\t\t\t\t\t\t\t\t\t\t\t\t<\/div>\n\t\t\t\t<\/div>\n\t\t\t\t<\/div>\n\t\t\t\t\t<\/div>\n\t\t\t\t<\/div>\n\t\t\t\t<\/div>","protected":false},"excerpt":{"rendered":"<p>Benvenuti su ItalyTrips Chi Siamo: ItalyTrips \u00e8 un&#8217;agenzia di viaggi e tour operator specializzata nell&#8217;offrire esperienze uniche e indimenticabili in Italia. Con una profonda conoscenza del territorio e una passione per la cultura italiana, ci dedichiamo a creare itinerari personalizzati che permettono ai nostri clienti di scoprire il meglio del Bel Paese. \u00a0 Cosa Facciamo: [&hellip;]<\/p>","protected":false},"author":1,"featured_media":0,"parent":0,"menu_order":0,"comment_status":"closed","ping_status":"closed","template":"","meta":{"_price":"","_stock":"","_tribe_ticket_header":"","_tribe_default_ticket_provider":"","_tribe_ticket_capacity":"0","_ticket_start_date":"","_ticket_end_date":"","_tribe_ticket_show_description":"","_tribe_ticket_show_not_going":false,"_tribe_ticket_use_global_stock":"","_tribe_ticket_global_stock_level":"","_global_stock_mode":"","_global_stock_cap":"","_tribe_rsvp_for_event":"","_tribe_ticket_going_count":"","_tribe_ticket_not_going_count":"","_tribe_tickets_list":"[]","_tribe_ticket_has_attendee_info_fields":false,"footnotes":"","_tec_slr_enabled":"","_tec_slr_layout":""},"class_list":["post-640","page","type-page","status-publish","hentry"],"ticketed":false,"_links":{"self":[{"href":"https:\/\/italytrips.it\/pt\/wp-json\/wp\/v2\/pages\/640","targetHints":{"allow":["GET"]}}],"collection":[{"href":"https:\/\/italytrips.it\/pt\/wp-json\/wp\/v2\/pages"}],"about":[{"href":"https:\/\/italytrips.it\/pt\/wp-json\/wp\/v2\/types\/page"}],"author":[{"embeddable":true,"href":"https:\/\/italytrips.it\/pt\/wp-json\/wp\/v2\/users\/1"}],"replies":[{"embeddable":true,"href":"https:\/\/italytrips.it\/pt\/wp-json\/wp\/v2\/comments?post=640"}],"version-history":[{"count":19,"href":"https:\/\/italytrips.it\/pt\/wp-json\/wp\/v2\/pages\/640\/revisions"}],"predecessor-version":[{"id":672,"href":"https:\/\/italytrips.it\/pt\/wp-json\/wp\/v2\/pages\/640\/revisions\/672"}],"wp:attachment":[{"href":"https:\/\/italytrips.it\/pt\/wp-json\/wp\/v2\/media?parent=640"}],"curies":[{"name":"wp","href":"https:\/\/api.w.org\/{rel}","templated":true}]}}