{"id":696,"date":"2024-07-31T17:42:00","date_gmt":"2024-07-31T15:42:00","guid":{"rendered":"https:\/\/italytrips.it\/?page_id=696"},"modified":"2024-07-31T17:45:45","modified_gmt":"2024-07-31T15:45:45","slug":"termini-di-uso","status":"publish","type":"page","link":"https:\/\/italytrips.it\/pt\/termini-di-uso\/","title":{"rendered":"Termos de uso"},"content":{"rendered":"<div data-elementor-type=\"wp-page\" data-elementor-id=\"696\" class=\"elementor elementor-696\" data-elementor-post-type=\"page\">\n\t\t\t\t<div class=\"elementor-element elementor-element-7acdeea e-flex e-con-boxed e-con e-parent\" data-id=\"7acdeea\" data-element_type=\"container\">\n\t\t\t\t\t<div class=\"e-con-inner\">\n\t\t\t\t<div class=\"elementor-element elementor-element-c0559fe elementor-widget elementor-widget-text-editor\" data-id=\"c0559fe\" data-element_type=\"widget\" data-widget_type=\"text-editor.default\">\n\t\t\t\t<div class=\"elementor-widget-container\">\n\t\t\t\t\t\t\t\t\t<p>Termos de Uso do Servi\u00e7o de Compra de Passeios em ItalyTrips.it<br><\/p>\t\t\t\t\t\t\t\t<\/div>\n\t\t\t\t<\/div>\n\t\t\t\t<div class=\"elementor-element elementor-element-1d35655 elementor-widget elementor-widget-text-editor\" data-id=\"1d35655\" data-element_type=\"widget\" data-widget_type=\"text-editor.default\">\n\t\t\t\t<div class=\"elementor-widget-container\">\n\t\t\t\t\t\t\t\t\t<p><strong>Sociedade: <\/strong>It\u00e1lia Trip srls<br \/>N\u00famero de IVA: 07371110482<br \/>REDE: FI \u2013 698837<br \/>Endere\u00e7o legal: Floren\u00e7a (FI) Via Pasquale Villari 7 CAP 50136<br \/>E-mail: <a rel=\"noreferrer\">info@italytrips.it<\/a><br \/>Telefone: +39327 611 4697<br \/>Gerente de Neg\u00f3cios: Zghondi Maher<\/p><h3>1. Introdu\u00e7\u00e3o<\/h3><p>Bem-vindo ao ItalyTrips.it. Ao utilizar nosso site para comprar nossos passeios, voc\u00ea concorda com os seguintes Termos de Uso. Por favor, leia estes termos com aten\u00e7\u00e3o antes de usar nossos servi\u00e7os.<\/p><h3>2. Defini\u00e7\u00f5es<\/h3><ul><li><strong>&quot;Servi\u00e7o&quot;<\/strong> refere-se aos passeios oferecidos pela Italy Trip srls atrav\u00e9s do site ItalyTrips.it.<\/li><li><strong>&quot;Usu\u00e1rio&quot;<\/strong> refere-se a qualquer pessoa f\u00edsica ou jur\u00eddica que utilize o Site para adquirir Passeios.<\/li><li><strong>&quot;Contrato&quot;<\/strong> refere-se ao acordo legal entre Italy Trip srls e o Usu\u00e1rio relativo \u00e0 compra de passeios.<\/li><\/ul><h3>3. Aceita\u00e7\u00e3o dos Termos<\/h3><p>Ao utilizar o site e adquirir nossos passeios, voc\u00ea concorda em cumprir estes Termos de Uso. Se voc\u00ea n\u00e3o aceitar estes termos, n\u00e3o utilize nossos servi\u00e7os.<\/p><h3>4. Altera\u00e7\u00f5es nos Termos<\/h3><p>Italy Trip srls reserva-se o direito de modificar estes Termos de Uso a qualquer momento. As altera\u00e7\u00f5es entrar\u00e3o em vigor a partir da sua publica\u00e7\u00e3o no site. Voc\u00ea \u00e9 respons\u00e1vel por verificar periodicamente os Termos de Uso para atualiza\u00e7\u00f5es.<\/p><h3>5. Servi\u00e7os oferecidos<\/h3><p>Italy Trip srls oferece uma variedade de visitas guiadas na It\u00e1lia. Detalhes espec\u00edficos de cada passeio, incluindo pre\u00e7os, dura\u00e7\u00e3o e itiner\u00e1rio, est\u00e3o dispon\u00edveis no site.<\/p><h3>6. Reservas e Pagamentos<\/h3><ul><li>As reservas podem ser feitas atrav\u00e9s do site ItalyTrips.it.<\/li><li>O pagamento dos passeios deve ser feito no momento da reserva.<\/li><li>Os pre\u00e7os indicados no site incluem IVA e quaisquer impostos aplic\u00e1veis.<\/li><\/ul><h3>7. Pol\u00edtica de Cancelamento<\/h3><ul><li>Os cancelamentos dever\u00e3o ser comunicados via e-mail para <a rel=\"noreferrer\">info@italytrips.it<\/a>.<\/li><li>Cancelamentos feitos com pelo menos 48 horas de anteced\u00eancia do hor\u00e1rio de in\u00edcio do passeio est\u00e3o sujeitos a reembolso total.<\/li><li>Cancelamentos feitos com menos de 48 horas de anteced\u00eancia n\u00e3o s\u00e3o reembols\u00e1veis.<\/li><\/ul><h3>8. Responsabilidades do usu\u00e1rio<\/h3><p>Voc\u00ea \u00e9 respons\u00e1vel por fornecer informa\u00e7\u00f5es precisas durante o processo de reserva. Italy Trip srls n\u00e3o se responsabiliza por quaisquer inconvenientes causados por informa\u00e7\u00f5es incorretas fornecidas pelo Usu\u00e1rio.<\/p><h3>9. Limita\u00e7\u00e3o de Responsabilidade<\/h3><p>A Italy Trip srls n\u00e3o ser\u00e1 respons\u00e1vel por quaisquer danos diretos, indiretos, incidentais, consequenciais ou punitivos decorrentes do uso de nossos servi\u00e7os, exceto em casos de conduta dolosa ou neglig\u00eancia grave.<\/p><h3>10. Propriedade Intelectual<\/h3><p>Todo o conte\u00fado do site ItalyTrips.it, incluindo textos, imagens e marcas registradas, s\u00e3o propriedade da Italy Trip srls e est\u00e3o protegidos pelas leis de direitos autorais e marcas registradas.<\/p><h3>11. Lei Aplic\u00e1vel<\/h3><p>Estes Termos de Uso s\u00e3o regidos e interpretados de acordo com as leis italianas. Qualquer lit\u00edgio decorrente destes Termos estar\u00e1 sujeito \u00e0 jurisdi\u00e7\u00e3o exclusiva dos tribunais de Floren\u00e7a.<\/p><h3>12. Contatos<\/h3><p>Para qualquer d\u00favida ou pedido de suporte, o Usu\u00e1rio pode entrar em contato com Italy Trip srls atrav\u00e9s dos seguintes dados de contato:<\/p><ul><li>E-mail: <a rel=\"noreferrer\">info@italytrips.it<\/a><\/li><li>Telefone: +39327 611 4697<\/li><\/ul><p>\u00a0<\/p><p>\u00a0<\/p><hr \/><p>\u00a0<\/p><p><strong>It\u00e1lia Trip srls<\/strong> agradece por escolher nossos servi\u00e7os e deseja a todos os seus clientes uma experi\u00eancia inesquec\u00edvel na It\u00e1lia.<\/p>\t\t\t\t\t\t\t\t<\/div>\n\t\t\t\t<\/div>\n\t\t\t\t\t<\/div>\n\t\t\t\t<\/div>\n\t\t\t\t<\/div>","protected":false},"excerpt":{"rendered":"<p>Termini di Uso del Servizio per l&#8217;Acquisto di Tour su ItalyTrips.it Societ\u00e0: Italy Trip srlsP. IVA: 07371110482REA: FI &#8211; 698837Indirizzo Legale: Firenze (FI) Via Pasquale Villari 7 CAP 50136Email: info@italytrips.itTelefono: +39327 611 4697Responsabile d&#8217;Impresa: Zghondi Maher 1. Introduzione Benvenuto su ItalyTrips.it. Utilizzando il nostro sito web per acquistare i nostri tour, accetti i seguenti Termini [&hellip;]<\/p>","protected":false},"author":1,"featured_media":0,"parent":0,"menu_order":0,"comment_status":"closed","ping_status":"closed","template":"","meta":{"_price":"","_stock":"","_tribe_ticket_header":"","_tribe_default_ticket_provider":"","_tribe_ticket_capacity":"0","_ticket_start_date":"","_ticket_end_date":"","_tribe_ticket_show_description":"","_tribe_ticket_show_not_going":false,"_tribe_ticket_use_global_stock":"","_tribe_ticket_global_stock_level":"","_global_stock_mode":"","_global_stock_cap":"","_tribe_rsvp_for_event":"","_tribe_ticket_going_count":"","_tribe_ticket_not_going_count":"","_tribe_tickets_list":"[]","_tribe_ticket_has_attendee_info_fields":false,"footnotes":"","_tec_slr_enabled":"","_tec_slr_layout":""},"class_list":["post-696","page","type-page","status-publish","hentry"],"ticketed":false,"_links":{"self":[{"href":"https:\/\/italytrips.it\/pt\/wp-json\/wp\/v2\/pages\/696","targetHints":{"allow":["GET"]}}],"collection":[{"href":"https:\/\/italytrips.it\/pt\/wp-json\/wp\/v2\/pages"}],"about":[{"href":"https:\/\/italytrips.it\/pt\/wp-json\/wp\/v2\/types\/page"}],"author":[{"embeddable":true,"href":"https:\/\/italytrips.it\/pt\/wp-json\/wp\/v2\/users\/1"}],"replies":[{"embeddable":true,"href":"https:\/\/italytrips.it\/pt\/wp-json\/wp\/v2\/comments?post=696"}],"version-history":[{"count":7,"href":"https:\/\/italytrips.it\/pt\/wp-json\/wp\/v2\/pages\/696\/revisions"}],"predecessor-version":[{"id":703,"href":"https:\/\/italytrips.it\/pt\/wp-json\/wp\/v2\/pages\/696\/revisions\/703"}],"wp:attachment":[{"href":"https:\/\/italytrips.it\/pt\/wp-json\/wp\/v2\/media?parent=696"}],"curies":[{"name":"wp","href":"https:\/\/api.w.org\/{rel}","templated":true}]}}