{"id":705,"date":"2024-07-31T17:52:43","date_gmt":"2024-07-31T15:52:43","guid":{"rendered":"https:\/\/italytrips.it\/dichiarazione-sulla-privacy-ue\/"},"modified":"2024-07-31T17:52:43","modified_gmt":"2024-07-31T15:52:43","slug":"dichiarazione-sulla-privacy-ue","status":"publish","type":"page","link":"https:\/\/italytrips.it\/pt\/dichiarazione-sulla-privacy-ue\/","title":{"rendered":"Declara\u00e7\u00e3o de privacidade (UE)"},"content":{"rendered":"<!-- Legal document generated by Complianz | GDPR\/CCPA Cookie Consent https:\/\/wordpress.org\/plugins\/complianz-gdpr -->\n<div id=\"cmplz-document\" class=\"cmplz-document privacy-statement cmplz-document-eu\"><p><i>This privacy statement was last updated on 10 Dezembro 2024 and applies to citizens and legal permanent residents of the European Economic Area and Switzerland.<\/i><br \/><br \/><\/p><p><p>Nesta declara\u00e7\u00e3o de privacidade, explicamos o que fazemos com os dados que obtemos sobre voc\u00ea por meio <a href=\"https:\/\/italytrips.it\/pt\">https:\/\/italytrips.it\/pt<\/a>Recomendamos que voc\u00ea leia esta declara\u00e7\u00e3o com aten\u00e7\u00e3o. Em nosso processamento, cumprimos os requisitos da legisla\u00e7\u00e3o de privacidade. Isso significa, entre outras coisas, que:<\/p><ul>\n                <li>declaramos claramente as finalidades para as quais processamos dados pessoais. Fazemos isso por meio desta declara\u00e7\u00e3o de privacidade;<\/li>\n                <li>nosso objetivo \u00e9 limitar nossa coleta de dados pessoais apenas aos dados pessoais necess\u00e1rios para fins leg\u00edtimos;<\/li>\n                <li>primeiro solicitamos seu consentimento expl\u00edcito para processar seus dados pessoais nos casos que exigem seu consentimento;<\/li>\n                <li>tomamos medidas de seguran\u00e7a apropriadas para proteger seus dados pessoais e tamb\u00e9m exigimos isso de terceiros que processam dados pessoais em nosso nome;<\/li>\n                <li>respeitamos seu direito de acessar seus dados pessoais ou de corrigi-los ou exclu\u00ed-los, a seu pedido.<\/li>\n            <\/ul><p>Caso tenha alguma d\u00favida ou queira saber exatamente quais dados mantemos sobre voc\u00ea, entre em contato conosco.<\/p><\/p><h2>1. Finalidade, dados e per\u00edodo de reten\u00e7\u00e3o<\/h2>Podemos coletar ou receber informa\u00e7\u00f5es pessoais para uma s\u00e9rie de prop\u00f3sitos relacionados \u00e0s nossas opera\u00e7\u00f5es comerciais, que podem incluir o seguinte: (clique para expandir)<details class=\"cmplz-dropdown dropdown-privacy-statement\"><summary><div><h3>1.1 Contato - Por telefone, correio, e-mail e\/ou formul\u00e1rios web<\/h3><\/div><\/summary><p class=\"cmplz-subtitle\">Para este fim, utilizamos os seguintes dados:<\/p><p><ul><li>Um primeiro e \u00faltimo nome<\/li><li>Um endere\u00e7o de e-mail<\/li><li>Um n\u00famero de telefone<\/li><\/ul><\/p><p class=\"cmplz-subtitle\">A base na qual podemos processar esses dados \u00e9:<\/p><p><a target=\"_blank\" rel=\"noopener noreferrer nofollow\" href=\"https:\/\/cookiedatabase.org\/legal-bases\/#consent\">Mediante a presta\u00e7\u00e3o de consentimento.<\/a><\/p><p class=\"cmplz-subtitle\">Per\u00edodo de reten\u00e7\u00e3o<\/p><p>Mantemos esses dados at\u00e9 que o servi\u00e7o seja encerrado.<\/p><\/details><details class=\"cmplz-dropdown dropdown-privacy-statement\"><summary><div><h3>1.2 Pagamentos<\/h3><\/div><\/summary><p class=\"cmplz-subtitle\">Para este fim, utilizamos os seguintes dados:<\/p><p><ul><li>Um primeiro e \u00faltimo nome<\/li><li>Um endere\u00e7o de e-mail<\/li><li>Um n\u00famero de telefone<\/li><\/ul><\/p><p class=\"cmplz-subtitle\">A base na qual podemos processar esses dados \u00e9:<\/p><p><a target=\"_blank\" rel=\"noopener noreferrer nofollow\" href=\"https:\/\/cookiedatabase.org\/legal-bases\/#consent\">Mediante a presta\u00e7\u00e3o de consentimento.<\/a><\/p><p class=\"cmplz-subtitle\">Per\u00edodo de reten\u00e7\u00e3o<\/p><p>Mantemos esses dados at\u00e9 que o servi\u00e7o seja encerrado.<\/p><\/details><h2>2. Biscoitos<\/h2><p>Nosso site usa cookies. Para obter mais informa\u00e7\u00f5es sobre cookies, consulte nossa Pol\u00edtica de Privacidade. <a href=\"https:\/\/italytrips.it\/pt\/cookie-policy-ue\/\">Pol\u00edtica de Cookies<\/a>.&nbsp;<\/p><h2>3. Pr\u00e1ticas de divulga\u00e7\u00e3o<\/h2><p><p>Divulgamos informa\u00e7\u00f5es pessoais se formos obrigados por lei ou por uma ordem judicial, em resposta a uma ag\u00eancia de seguran\u00e7a p\u00fablica, na medida permitida por outras disposi\u00e7\u00f5es legais, para fornecer informa\u00e7\u00f5es ou para uma investiga\u00e7\u00e3o sobre um assunto relacionado \u00e0 seguran\u00e7a p\u00fablica.<\/p><p>Se nosso site ou organiza\u00e7\u00e3o for adquirido, vendido ou envolvido em uma fus\u00e3o ou aquisi\u00e7\u00e3o, seus dados poder\u00e3o ser divulgados aos nossos consultores e a quaisquer potenciais compradores e ser\u00e3o repassados aos novos propriet\u00e1rios.<\/p><\/p><p>Conclu\u00edmos um Contrato de Processamento de Dados com o Google.<\/p><h2>4. Seguran\u00e7a<\/h2><p>Estamos comprometidos com a seguran\u00e7a dos dados pessoais. Adotamos medidas de seguran\u00e7a adequadas para limitar o abuso e o acesso n\u00e3o autorizado aos dados pessoais. Isso garante que apenas as pessoas necess\u00e1rias tenham acesso aos seus dados, que o acesso aos dados seja protegido e que nossas medidas de seguran\u00e7a sejam revisadas regularmente.<\/p><h2>5. Sites de terceiros<\/h2><p>Esta declara\u00e7\u00e3o de privacidade n\u00e3o se aplica a sites de terceiros conectados por links em nosso site. N\u00e3o podemos garantir que esses terceiros tratem seus dados pessoais de forma confi\u00e1vel ou segura. Recomendamos que voc\u00ea leia as declara\u00e7\u00f5es de privacidade desses sites antes de utiliz\u00e1-los.<\/p><h2>6. Altera\u00e7\u00f5es a esta declara\u00e7\u00e3o de privacidade<\/h2><p>Reservamo-nos o direito de fazer altera\u00e7\u00f5es a esta declara\u00e7\u00e3o de privacidade. Recomendamos que voc\u00ea consulte esta declara\u00e7\u00e3o de privacidade regularmente para se manter informado sobre quaisquer altera\u00e7\u00f5es. Al\u00e9m disso, informaremos voc\u00ea ativamente sempre que poss\u00edvel.<\/p><h2>7. Acessando e modificando seus dados<\/h2><p>Caso tenha alguma d\u00favida ou queira saber quais dados pessoais temos sobre voc\u00ea, entre em contato conosco. Voc\u00ea pode entrar em contato conosco usando as informa\u00e7\u00f5es abaixo. Voc\u00ea tem os seguintes direitos:<\/p><ul>\n                <li>Voc\u00ea tem o direito de saber por que seus dados pessoais s\u00e3o necess\u00e1rios, o que acontecer\u00e1 com eles e por quanto tempo ser\u00e3o retidos.<\/li>\n                <li>Direito de acesso: Voc\u00ea tem o direito de acessar seus dados pessoais que conhecemos.<\/li>\n                <li>Direito de retifica\u00e7\u00e3o: voc\u00ea tem o direito de complementar, corrigir, excluir ou bloquear seus dados pessoais sempre que desejar.<\/li>\n                <li>Se voc\u00ea nos der seu consentimento para processar seus dados, voc\u00ea tem o direito de revogar esse consentimento e de ter seus dados pessoais exclu\u00eddos.<\/li>\n                <li>Direito de transferir seus dados: voc\u00ea tem o direito de solicitar todos os seus dados pessoais do controlador e transferi-los integralmente para outro controlador.<\/li>\n                <li>Direito de obje\u00e7\u00e3o: voc\u00ea pode se opor ao processamento dos seus dados. Cumprimos essa obriga\u00e7\u00e3o, a menos que haja motivos justificados para o processamento.<\/li>\n            <\/ul><p>Por favor, certifique-se de sempre declarar claramente quem voc\u00ea \u00e9, para que possamos ter certeza de que n\u00e3o modificaremos ou excluiremos nenhum dado da pessoa errada.<\/p><h2>8. Apresentar uma reclama\u00e7\u00e3o<\/h2><p>Se voc\u00ea n\u00e3o estiver satisfeito com a maneira como lidamos com (uma reclama\u00e7\u00e3o sobre) o processamento de seus dados pessoais, voc\u00ea tem o direito de enviar uma reclama\u00e7\u00e3o \u00e0 Autoridade de Prote\u00e7\u00e3o de Dados.<\/p><h2>9. Detalhes de contato<\/h2><p>ITALYTRIPS \u00e9 uma marca registrada da MARIO CITY TOUR FLORENCE DI ZGHONDI MAHER<br \/>\n        VICOLO DEI PINOZZI 7, 50136 Floren\u00e7a (FI)<br \/>\n        It\u00e1lia<br \/>\n        Site: <a href=\"https:\/\/italytrips.it\/pt\">https:\/\/italytrips.it\/pt<\/a> <br \/>\n        Email: &#105;&#110;&#102;&#111;&#064;&#105;&#116;&#097;&#108;y&#116;r&#105;ps&#046;i&#116; <br \/>\n        N\u00famero de telefone: +39 327 611 4697<\/p><\/div>","protected":false},"excerpt":{"rendered":"","protected":false},"author":1,"featured_media":0,"parent":0,"menu_order":0,"comment_status":"closed","ping_status":"closed","template":"","meta":{"_price":"","_stock":"","_tribe_ticket_header":"","_tribe_default_ticket_provider":"","_tribe_ticket_capacity":"0","_ticket_start_date":"","_ticket_end_date":"","_tribe_ticket_show_description":"","_tribe_ticket_show_not_going":false,"_tribe_ticket_use_global_stock":"","_tribe_ticket_global_stock_level":"","_global_stock_mode":"","_global_stock_cap":"","_tribe_rsvp_for_event":"","_tribe_ticket_going_count":"","_tribe_ticket_not_going_count":"","_tribe_tickets_list":"[]","_tribe_ticket_has_attendee_info_fields":false,"footnotes":"","_tec_slr_enabled":"","_tec_slr_layout":""},"class_list":["post-705","page","type-page","status-publish","hentry"],"ticketed":false,"_links":{"self":[{"href":"https:\/\/italytrips.it\/pt\/wp-json\/wp\/v2\/pages\/705","targetHints":{"allow":["GET"]}}],"collection":[{"href":"https:\/\/italytrips.it\/pt\/wp-json\/wp\/v2\/pages"}],"about":[{"href":"https:\/\/italytrips.it\/pt\/wp-json\/wp\/v2\/types\/page"}],"author":[{"embeddable":true,"href":"https:\/\/italytrips.it\/pt\/wp-json\/wp\/v2\/users\/1"}],"replies":[{"embeddable":true,"href":"https:\/\/italytrips.it\/pt\/wp-json\/wp\/v2\/comments?post=705"}],"version-history":[{"count":0,"href":"https:\/\/italytrips.it\/pt\/wp-json\/wp\/v2\/pages\/705\/revisions"}],"wp:attachment":[{"href":"https:\/\/italytrips.it\/pt\/wp-json\/wp\/v2\/media?parent=705"}],"curies":[{"name":"wp","href":"https:\/\/api.w.org\/{rel}","templated":true}]}}