{"id":718,"date":"2024-07-31T17:52:43","date_gmt":"2024-07-31T15:52:43","guid":{"rendered":"https:\/\/italytrips.it\/imprint\/"},"modified":"2024-07-31T18:00:41","modified_gmt":"2024-07-31T16:00:41","slug":"imprint","status":"publish","type":"page","link":"https:\/\/italytrips.it\/pt\/imprint\/","title":{"rendered":"Imprimir"},"content":{"rendered":"<!-- Legal document generated by Complianz | GDPR\/CCPA Cookie Consent https:\/\/wordpress.org\/plugins\/complianz-gdpr -->\n<div id=\"cmplz-document\" class=\"cmplz-document impressum cmplz-document-all\"><p><i>Esta informa\u00e7\u00e3o foi atualizada pela \u00faltima vez em 10 de dezembro de 2024.<\/i><\/p><p class=\"cmplz-subtitle\">O propriet\u00e1rio deste site \u00e9:<\/p><p>ITALYTRIPS \u00e9 uma marca registrada da MARIO CITY TOUR FLORENCE DI ZGHONDI MAHER de<br>VICOLO DEI PINOZZI 7, 50136 Floren\u00e7a (FI)<br>It\u00e1lia<br>Email:&nbsp;&#105;&#110;&#102;&#111;&#064;it&#097;&#108;&#121;&#116;&#114;&#105;&#112;&#115;&#046;i&#116;<br>N\u00famero de telefone: +39 327 611 4697<br>N\u00famero de IVA: IT07299510482<\/p><p class=\"cmplz-subtitle\">O(s) representante(s) legal(is) da ITALYTRIPS \u00e9 uma marca registrada da MARIO CITY TOUR FLORENCE DI ZGHONDI MAHER de:<\/p><p>ZGHONDI MAHER<\/p><h2>1. Geral<\/h2><p class=\"cmplz-subtitle\">1.1 Estamos registrados na FI - 693882 sob o n\u00famero de licen\u00e7a ou registro:<\/p><p><\/p><p>Estamos dispostos ou obrigados a participar de procedimentos de resolu\u00e7\u00e3o de disputas perante um conselho de arbitragem de consumidores.<\/p><h2>2. As informa\u00e7\u00f5es a seguir s\u00e3o obrigat\u00f3rias de acordo com a lei alem\u00e3.<\/h2><p class=\"cmplz-subtitle\">2.1 Die Eigentumsanteile der Gesellschaft (Aktienkapital), die von ihr ausgegeben wurden:<\/p><p>100<\/p><\/div>\n\n\n<div style=\"height:100px\" aria-hidden=\"true\" class=\"wp-block-spacer\"><\/div>","protected":false},"excerpt":{"rendered":"","protected":false},"author":1,"featured_media":0,"parent":0,"menu_order":0,"comment_status":"closed","ping_status":"closed","template":"","meta":{"_price":"","_stock":"","_tribe_ticket_header":"","_tribe_default_ticket_provider":"","_tribe_ticket_capacity":"0","_ticket_start_date":"","_ticket_end_date":"","_tribe_ticket_show_description":"","_tribe_ticket_show_not_going":false,"_tribe_ticket_use_global_stock":"","_tribe_ticket_global_stock_level":"","_global_stock_mode":"","_global_stock_cap":"","_tribe_rsvp_for_event":"","_tribe_ticket_going_count":"","_tribe_ticket_not_going_count":"","_tribe_tickets_list":"[]","_tribe_ticket_has_attendee_info_fields":false,"footnotes":"","_tec_slr_enabled":"","_tec_slr_layout":""},"class_list":["post-718","page","type-page","status-publish","hentry"],"ticketed":false,"_links":{"self":[{"href":"https:\/\/italytrips.it\/pt\/wp-json\/wp\/v2\/pages\/718","targetHints":{"allow":["GET"]}}],"collection":[{"href":"https:\/\/italytrips.it\/pt\/wp-json\/wp\/v2\/pages"}],"about":[{"href":"https:\/\/italytrips.it\/pt\/wp-json\/wp\/v2\/types\/page"}],"author":[{"embeddable":true,"href":"https:\/\/italytrips.it\/pt\/wp-json\/wp\/v2\/users\/1"}],"replies":[{"embeddable":true,"href":"https:\/\/italytrips.it\/pt\/wp-json\/wp\/v2\/comments?post=718"}],"version-history":[{"count":1,"href":"https:\/\/italytrips.it\/pt\/wp-json\/wp\/v2\/pages\/718\/revisions"}],"predecessor-version":[{"id":728,"href":"https:\/\/italytrips.it\/pt\/wp-json\/wp\/v2\/pages\/718\/revisions\/728"}],"wp:attachment":[{"href":"https:\/\/italytrips.it\/pt\/wp-json\/wp\/v2\/media?parent=718"}],"curies":[{"name":"wp","href":"https:\/\/api.w.org\/{rel}","templated":true}]}}