{"id":719,"date":"2024-07-31T17:52:43","date_gmt":"2024-07-31T15:52:43","guid":{"rendered":"https:\/\/italytrips.it\/disconoscimento\/"},"modified":"2024-07-31T17:52:43","modified_gmt":"2024-07-31T15:52:43","slug":"disconoscimento","status":"publish","type":"page","link":"https:\/\/italytrips.it\/pt\/disconoscimento\/","title":{"rendered":"Isen\u00e7\u00e3o de responsabilidade"},"content":{"rendered":"<!-- Legal document generated by Complianz | GDPR\/CCPA Cookie Consent https:\/\/wordpress.org\/plugins\/complianz-gdpr -->\n<div id=\"cmplz-document\" class=\"cmplz-document disclaimer cmplz-document-all\"><p>ITALYTRIPS \u00e8 un marchio di MARIO CITY TOUR FLORENCE DI ZGHONDI MAHER is committed to keeping this website up to date and accurate. Should you nevertheless encounter anything that is incorrect or out of date, we would appreciate it if you could let us know. Please indicate where on the website you read the information. We will then look at this as soon as possible. Please send your response by email to: i&#110;&#102;&#111;&#064;&#105;&#116;&#097;ly&#116;ri&#112;s.&#105;t.<\/p><p>N\u00e3o nos responsabilizamos por perdas resultantes de imprecis\u00f5es ou incompletudes, nem por perdas resultantes de problemas causados ou inerentes \u00e0 dissemina\u00e7\u00e3o de informa\u00e7\u00f5es pela internet, como interrup\u00e7\u00f5es ou interrup\u00e7\u00f5es. Ao utilizar formul\u00e1rios web, esfor\u00e7amo-nos para limitar o n\u00famero de campos obrigat\u00f3rios ao m\u00ednimo. A ITALYTRIPS, marca registrada da MARIO CITY TOUR FLORENCE DI ZGHONDI MAHER, n\u00e3o se responsabiliza por quaisquer perdas sofridas em decorr\u00eancia do uso de dados, conselhos ou ideias fornecidos por ou em nome da ITALYTRIPS, marca registrada da MARIO CITY TOUR FLORENCE DI ZGHONDI MAHER, por meio deste site.<\/p><p>A utiliza\u00e7\u00e3o do site e de todos os seus componentes (incluindo f\u00f3runs) est\u00e1 sujeita a <a href=\"https:\/\/italytrips.it\/pt\/termini-di-uso\/\" target=\"_blank\">termos de uso<\/a>. A simples utiliza\u00e7\u00e3o deste site implica o conhecimento e aceita\u00e7\u00e3o destes termos de utiliza\u00e7\u00e3o.<\/p><p>ITALYTRIPS \u00e9 uma marca registrada da MARIO CITY TOUR FLORENCE DI ZGHONDI MAHER e envidar\u00e1 todos os esfor\u00e7os razo\u00e1veis para proteger seus sistemas contra qualquer forma de uso il\u00edcito. ITALYTRIPS \u00e9 uma marca registrada da MARIO CITY TOUR FLORENCE DI ZGHONDI MAHER e implementar\u00e1 medidas t\u00e9cnicas e organizacionais adequadas para esse fim, levando em considera\u00e7\u00e3o, entre outros aspectos, o estado da arte. No entanto, n\u00e3o ser\u00e1 respons\u00e1vel por quaisquer perdas, diretas e\/ou indiretas, sofridas por um usu\u00e1rio do site, decorrentes do uso il\u00edcito de seus sistemas por terceiros.<\/p><p>ITALYTRIPS \u00e9 uma marca registrada da MARIO CITY TOUR FLORENCE DI ZGHONDI. A MAHER n\u00e3o se responsabiliza pelo conte\u00fado de sites para os quais ou a partir dos quais um hiperlink ou outra refer\u00eancia seja feita. Os produtos ou servi\u00e7os oferecidos por terceiros estar\u00e3o sujeitos aos termos e condi\u00e7\u00f5es aplic\u00e1veis desses terceiros.<\/p><p>Todos os direitos de propriedade intelectual sobre o conte\u00fado deste site pertencem a terceiros que colocaram o conte\u00fado eles mesmos ou de quem ITALYTRIPS \u00e9 uma marca registrada da MARIO CITY TOUR FLORENCE DI ZGHONDI MAHER obteve uma licen\u00e7a de usu\u00e1rio.<\/p><p>A c\u00f3pia, a dissemina\u00e7\u00e3o e qualquer outro uso destes materiais n\u00e3o s\u00e3o permitidos sem a permiss\u00e3o por escrito de ITALYTRIPS \u00e9 uma marca registrada da MARIO CITY TOUR FLORENCE DI ZGHONDI MAHER, exceto e somente na medida em que estipulado de outra forma em regulamentos de lei obrigat\u00f3ria (como o direito de cita\u00e7\u00e3o), a menos que o conte\u00fado espec\u00edfico determine o contr\u00e1rio.<\/p><p>Caso tenha alguma d\u00favida ou problema com a acessibilidade do site, n\u00e3o hesite em entrar em contato conosco.<\/p><\/div>","protected":false},"excerpt":{"rendered":"","protected":false},"author":1,"featured_media":0,"parent":0,"menu_order":0,"comment_status":"closed","ping_status":"closed","template":"","meta":{"_price":"","_stock":"","_tribe_ticket_header":"","_tribe_default_ticket_provider":"","_tribe_ticket_capacity":"0","_ticket_start_date":"","_ticket_end_date":"","_tribe_ticket_show_description":"","_tribe_ticket_show_not_going":false,"_tribe_ticket_use_global_stock":"","_tribe_ticket_global_stock_level":"","_global_stock_mode":"","_global_stock_cap":"","_tribe_rsvp_for_event":"","_tribe_ticket_going_count":"","_tribe_ticket_not_going_count":"","_tribe_tickets_list":"[]","_tribe_ticket_has_attendee_info_fields":false,"footnotes":"","_tec_slr_enabled":"","_tec_slr_layout":""},"class_list":["post-719","page","type-page","status-publish","hentry"],"ticketed":false,"_links":{"self":[{"href":"https:\/\/italytrips.it\/pt\/wp-json\/wp\/v2\/pages\/719","targetHints":{"allow":["GET"]}}],"collection":[{"href":"https:\/\/italytrips.it\/pt\/wp-json\/wp\/v2\/pages"}],"about":[{"href":"https:\/\/italytrips.it\/pt\/wp-json\/wp\/v2\/types\/page"}],"author":[{"embeddable":true,"href":"https:\/\/italytrips.it\/pt\/wp-json\/wp\/v2\/users\/1"}],"replies":[{"embeddable":true,"href":"https:\/\/italytrips.it\/pt\/wp-json\/wp\/v2\/comments?post=719"}],"version-history":[{"count":0,"href":"https:\/\/italytrips.it\/pt\/wp-json\/wp\/v2\/pages\/719\/revisions"}],"wp:attachment":[{"href":"https:\/\/italytrips.it\/pt\/wp-json\/wp\/v2\/media?parent=719"}],"curies":[{"name":"wp","href":"https:\/\/api.w.org\/{rel}","templated":true}]}}